{"id":2234,"date":"2024-05-17T09:27:14","date_gmt":"2024-05-17T09:27:14","guid":{"rendered":"https:\/\/alpha-one.com\/faq"},"modified":"2024-09-04T09:10:45","modified_gmt":"2024-09-04T09:10:45","slug":"faq","status":"publish","type":"page","link":"https:\/\/alpha-one.com\/de\/faq","title":{"rendered":"FAQ"},"content":{"rendered":"<div class=\"lazyblock-detail-header-rMbDK wp-block-lazyblock-detail-header\"><section class=\"hero hero-detail\" style=\"background-image:url('https:\/\/alpha-one.com\/wp-content\/uploads\/2024\/05\/header_faq_04.jpg')\">\n    <div class=\"content-wrapper\">\n      <div class=\"detail-header\">\n        <div class=\"subheadline\"><\/div>\n        <h1>FAQ<\/h1>  \n      <\/div>\n    <\/div>\n    <div class=\"hero-meta\">\n      <div class=\"hero-locationtag\">\n          <span class=\"hero-locationtag-name\">ARVIDSJAUR<\/span>\n          <span class=\"hero-locationtag-coords\">65\u00b0 36\u2032 N, 19\u00b0 11\u2032 O<\/span>\n        <\/div>\n        <a href=\"#first-section\" class=\"hero-scrollarrow\" aria-hidden=\"true\"><\/a>\n        \n    <\/div>\n  <\/section>\n<\/div><div class=\"lazyblock-content-back-wrapper-ZtRUSP wp-block-lazyblock-content-back-wrapper\" id=\"first-section\"><div class=\"content-back-wrapper\">\n\n<div class=\"lazyblock-textblock-with-headline-1YpbLp wp-block-lazyblock-textblock-with-headline\"><section class=\"textblock-headline content-wrapper-boxed\">\n\n  <h2 class=\"content-headline\">FAQ<\/h2>\n  <h3 class=\"content-subheadline\">Einige Informationen findest du schon in unseren FAQs. <\/h3>\n  <p class=\"content-text\">\n    Solltest du noch Fragen haben, kontaktiere uns bitte \u00fcber unser Serviceformular und wir werden dir so schnell wie m\u00f6glich antworten.  <\/p>\n<\/section><\/div>\n\n<div class=\"lazyblock-faq-1bCiwt wp-block-lazyblock-faq\"><section class=\"content-faq content-wrapper-boxed\">\n  \n    \n  <details>\n  <summary>\n    Was muss ich f\u00fcr eine Reise in den Norden einpacken?   <\/summary>\n  <p>\n    Die Winter in Schwedisch Lappland k\u00f6nnen mit Temperaturen von bis zu -30 \u00b0C sehr kalt werden. Daher ist entsprechende Kleidung sehr wichtig. F\u00fcr deinen Aufenthalt bei uns wirst du mit einem Thermooverall, Stiefeln, Handschuhen, einem Helm und einer Skibrille ausgestattet. Zus\u00e4tzlich zu dieser Ausr\u00fcstung empfehlen wir, die folgenden Dinge mitzubringen:    <br><br>&#8211; Kuschelige und atmungsaktive Skiunterw\u00e4sche<br>&#8211; M\u00fctze, Schal und eigene Handschuhe, feste und warme Winterschuhe<br>&#8211; Sonnenbrille und Sonnenschutzmittel f\u00fcr das Gesicht<br>&#8211; Ersatzbrille f\u00fcr Brillentr\u00e4ger und Kontaktlinsentr\u00e4ger<br>&#8211; Erforderliche Medikamente<br>&#8211; Lippenbalsam und reichhaltige Cremes f\u00fcr Gesicht und H\u00e4nde (vermeide bei niedrigen Temperaturen Cremes auf Wasserbasis f\u00fcr das Gesicht oder die H\u00e4nde)<br>&#8211; Badebekleidung<br><br>Au\u00dferdem empfehlen wir ein Zwiebelprinzip beim Anziehen. Jede Schicht hat eine bestimmte Funktion. Bitte kontaktiere unser Team, wenn du eine detailliertere Packliste erhalten m\u00f6chtest.     <\/p>\n  \n  <\/details>\n    \n  <details>\n  <summary>\n    Muss ich vorher Geld umtauschen?  <\/summary>\n  <p>\n    Die Landesw\u00e4hrung in Schweden ist die Schwedische Krone (SEK). Das Hotel, in dem du untergebracht sein wirst, ist ein bargeldloses Hotel, d. h. es kann nur mit EC-\/Debit-\/Kreditkarte bezahlt werden. In allen anderen Gesch\u00e4ften in der Stadt kannst du ebenfalls mit Karte bezahlen.   <\/p>\n  \n  <\/details>\n    \n  <details>\n  <summary>\n    Wo genau finden die Aktivit\u00e4ten statt?  <\/summary>\n  <p>\n    Wir bieten unsere eigenen Aktivit\u00e4ten an und arbeiten mit verschiedenen professionellen Leistungstr\u00e4gern vor Ort zusammen, um ein breiteres Spektrum an Aktivit\u00e4ten anbieten zu k\u00f6nnen. Das Hotel befindet sich in Arvidsjaur (etwa 100 km s\u00fcdlich des Polarkreises) und alle Aktivit\u00e4ten starten in der N\u00e4he.  <br><br>Standort auf <a href=\"https:\/\/maps.app.goo.gl\/HA4m7nyWrvrqvpT69\" data-type=\"link\" data-id=\"https:\/\/maps.app.goo.gl\/HA4m7nyWrvrqvpT69\" target=\"_blank\" rel=\"noreferrer noopener\">Google Maps<\/a> anzeigen  <\/p>\n  \n  <\/details>\n    \n  <details>\n  <summary>\n    Fahre ich mein eigenes Schneemobil oder bin ich Beifahrer?   <\/summary>\n  <p>\n    Die meisten unserer Schneemobile sind Einsitzer, so dass du dein eigenes Schneemobil fahren kannst. Wenn du eine Tour als Beifahrer mitfahren m\u00f6chtest, ist dies nat\u00fcrlich auch mit unseren zweisitzigen Schneemobilen m\u00f6glich. Bitte sag uns einfach Bescheid, was du bevorzugst.     <\/p>\n  \n  <\/details>\n    \n  <details>\n  <summary>\n    Kann ich mit einem eigenen Hundeschlitten auf eine Tour gehen oder sitze ich als Passagier auf einem Schlitten?  <\/summary>\n  <p>\n    Beides ist m\u00f6glich, je nachdem, f\u00fcr welche Tour du dich entscheidest und bei uns buchst. F\u00fcr weitere Informationen melde dich einfach direkt bei uns.   <\/p>\n  \n  <\/details>\n    \n  <details>\n  <summary>\n    Ist es nicht die ganze Zeit dunkel?  <\/summary>\n  <p>\n    Die Zeiten f\u00fcr den Sonnenaufgang und den Sonnenuntergang \u00e4ndern sich sehr schnell (es gibt jeden Tag einen Unterschied von etwa 8 Minuten) und die D\u00e4mmerungsphase ist l\u00e4nger als z.B. in Deutschland. <a href=\"https:\/\/www.timeanddate.com\/sun\/@8132787\" target=\"_blank\" rel=\"noreferrer noopener\">Hier<\/a> kannst du die genauen Zeiten nachschauen.  <\/p>\n  \n  <\/details>\n    \n  <details>\n  <summary>\n    Kann ich die Nordlichter sehen?  <\/summary>\n  <p>\n    Nordlichter, auch Aurora Borealis genannt, sind ein Naturereignis, genau wie ein bew\u00f6lkter Himmel, Sonne oder Schnee und k\u00f6nnen daher nicht garantiert werden. Theoretisch ist es jedoch m\u00f6glich, sie bei klarem Nachthimmel zu sehen. Wir empfehlen immer, den KP-Index zu \u00fcberpr\u00fcfen, einen Wert, der die durch die Sonnenaktivit\u00e4t verursachten geomagnetischen St\u00f6rungen misst. Je h\u00f6her der Index, desto gr\u00f6\u00dfer sind die Chancen, Nordlichter zu sehen. In Arvidsjaur ist es am besten m\u00f6glich, Nordlichter bei einem KP von mindestens 3 zu sehen (die Skala reicht von 0 bis 9).       <\/p>\n  \n  <\/details>\n    \n<\/section><\/div>\n\n<div class=\"lazyblock-contact-form-2srKBC wp-block-lazyblock-contact-form\"><section class=\"contact-form content-wrapper-boxed\">\n  \n  <div class=\"contact-form-content\">\n\n    <h2 class=\"content-headline\">Unser Serviceformular<\/h2>\n    <h3 class=\"content-subheadline\">Gibt es Fragen, die wir noch nicht in unseren FAQ beantwortet haben? Dann nutz gerne unser Serviceformular und wir werden deine Fragen so schnell wie m\u00f6glich beantworten.  <\/h3>\n    <p class=\"content-text\">\n          <\/p>\n    \n    \n<div class=\"wpcf7 no-js\" id=\"wpcf7-f2250-o1\" lang=\"de-DE\" dir=\"ltr\" data-wpcf7-id=\"2250\">\n<div class=\"screen-reader-response\"><p role=\"status\" aria-live=\"polite\" aria-atomic=\"true\"><\/p> <ul><\/ul><\/div>\n<form action=\"\/de\/wp-json\/wp\/v2\/pages\/2234#wpcf7-f2250-o1\" method=\"post\" class=\"wpcf7-form init\" aria-label=\"Kontaktformular\" novalidate=\"novalidate\" data-status=\"init\">\n<fieldset class=\"hidden-fields-container\"><input type=\"hidden\" name=\"_wpcf7\" value=\"2250\" \/><input type=\"hidden\" name=\"_wpcf7_version\" value=\"6.1.5\" \/><input type=\"hidden\" name=\"_wpcf7_locale\" value=\"de_DE\" \/><input type=\"hidden\" name=\"_wpcf7_unit_tag\" value=\"wpcf7-f2250-o1\" \/><input type=\"hidden\" name=\"_wpcf7_container_post\" value=\"0\" \/><input type=\"hidden\" name=\"_wpcf7_posted_data_hash\" value=\"\" \/>\n<\/fieldset>\n<p><label> Name <span class=\"wpcf7-form-control-wrap\" data-name=\"your-name\"><input size=\"40\" maxlength=\"400\" class=\"wpcf7-form-control wpcf7-text wpcf7-validates-as-required\" autocomplete=\"name\" aria-required=\"true\" aria-invalid=\"false\" value=\"\" type=\"text\" name=\"your-name\" \/><\/span> <\/label>\n<\/p>\n<p><label> E-Mail Adresse <span class=\"wpcf7-form-control-wrap\" data-name=\"your-email\"><input size=\"40\" maxlength=\"400\" class=\"wpcf7-form-control wpcf7-email wpcf7-validates-as-required wpcf7-text wpcf7-validates-as-email\" autocomplete=\"email\" aria-required=\"true\" aria-invalid=\"false\" value=\"\" type=\"email\" name=\"your-email\" \/><\/span> <\/label>\n<\/p>\n<p><label> Nachricht <span class=\"wpcf7-form-control-wrap\" data-name=\"your-message\"><textarea cols=\"40\" rows=\"10\" maxlength=\"2000\" class=\"wpcf7-form-control wpcf7-textarea\" aria-invalid=\"false\" name=\"your-message\"><\/textarea><\/span> <\/label>\n<\/p>\n<p><span class=\"wpcf7-form-control-wrap\" data-name=\"checkbox-78\"><span class=\"wpcf7-form-control wpcf7-checkbox wpcf7-validates-as-required\"><span class=\"wpcf7-list-item first last\"><label><input type=\"checkbox\" name=\"checkbox-78[]\" value=\"Ich habe die Datenschutzbestimmungen gelesen und stimme ihnen zu.\" \/><span class=\"wpcf7-list-item-label\">Ich habe die Datenschutzbestimmungen gelesen und stimme ihnen zu.<\/span><\/label><\/span><\/span><\/span>\n<\/p>\n<p><input class=\"wpcf7-form-control wpcf7-submit has-spinner\" type=\"submit\" value=\"Senden Sie\" \/>\n<\/p><div class=\"wpcf7-response-output\" aria-hidden=\"true\"><\/div>\n<\/form>\n<\/div>\n\n  <\/div>\n<\/section>\n\n<\/div>\n\n<\/div><\/div><div class=\"lazyblock-contact-floater-Z1zVD8y wp-block-lazyblock-contact-floater\"><div class=\"contact-floater\">\n  <a href=\"\/contact-us#first-section\">\n    <svg width=\"40\" height=\"40\" viewBox=\"0 0 40 40\" fill=\"none\" xmlns=\"http:\/\/www.w3.org\/2000\/svg\">\n<path d=\"M6.11125 33.3332C5.36125 33.3332 4.71069 33.0578 4.15958 32.5069C3.60875 31.9558 3.33333 31.3053 3.33333 30.5553V9.44442C3.33333 8.69442 3.60875 8.04387 4.15958 7.49275C4.71069 6.94192 5.36125 6.6665 6.11125 6.6665H33.8888C34.6388 6.6665 35.2893 6.94192 35.8404 7.49275C36.3912 8.04387 36.6667 8.69442 36.6667 9.44442V30.5553C36.6667 31.3053 36.3912 31.9558 35.8404 32.5069C35.2893 33.0578 34.6388 33.3332 33.8888 33.3332H6.11125ZM20 21.0553L6.11125 12.0832V30.5553H33.8888V12.0832L20 21.0553ZM20 18.2778L33.7779 9.44442H6.25L20 18.2778ZM6.11125 12.0832V9.44442V30.5553V12.0832Z\" \/>\n<\/svg>\n    <\/a>\n<\/div><\/div>","protected":false},"excerpt":{"rendered":"","protected":false},"author":1,"featured_media":0,"parent":0,"menu_order":0,"comment_status":"closed","ping_status":"closed","template":"generic.php","meta":{"footnotes":""},"class_list":["post-2234","page","type-page","status-publish","hentry"],"aioseo_notices":[],"_links":{"self":[{"href":"https:\/\/alpha-one.com\/de\/wp-json\/wp\/v2\/pages\/2234","targetHints":{"allow":["GET"]}}],"collection":[{"href":"https:\/\/alpha-one.com\/de\/wp-json\/wp\/v2\/pages"}],"about":[{"href":"https:\/\/alpha-one.com\/de\/wp-json\/wp\/v2\/types\/page"}],"author":[{"embeddable":true,"href":"https:\/\/alpha-one.com\/de\/wp-json\/wp\/v2\/users\/1"}],"replies":[{"embeddable":true,"href":"https:\/\/alpha-one.com\/de\/wp-json\/wp\/v2\/comments?post=2234"}],"version-history":[{"count":2,"href":"https:\/\/alpha-one.com\/de\/wp-json\/wp\/v2\/pages\/2234\/revisions"}],"predecessor-version":[{"id":2416,"href":"https:\/\/alpha-one.com\/de\/wp-json\/wp\/v2\/pages\/2234\/revisions\/2416"}],"wp:attachment":[{"href":"https:\/\/alpha-one.com\/de\/wp-json\/wp\/v2\/media?parent=2234"}],"curies":[{"name":"wp","href":"https:\/\/api.w.org\/{rel}","templated":true}]}}