{"id":2286,"date":"2024-05-16T08:02:11","date_gmt":"2024-05-16T08:02:11","guid":{"rendered":"https:\/\/alpha-one.com\/about-us-2"},"modified":"2024-09-04T08:50:18","modified_gmt":"2024-09-04T08:50:18","slug":"ueber-uns","status":"publish","type":"page","link":"https:\/\/alpha-one.com\/de\/ueber-uns","title":{"rendered":"\u00dcber uns"},"content":{"rendered":"<div class=\"lazyblock-detail-header-Z1fzRIF wp-block-lazyblock-detail-header\"><section class=\"hero hero-detail\" style=\"background-image:url('https:\/\/alpha-one.com\/wp-content\/uploads\/2024\/05\/header_about-us.jpg')\">\n    <div class=\"content-wrapper\">\n      <div class=\"detail-header\">\n        <div class=\"subheadline\"><\/div>\n        <h1>\u00dcber uns<\/h1>  \n      <\/div>\n    <\/div>\n    <div class=\"hero-meta\">\n      <div class=\"hero-locationtag\">\n          <span class=\"hero-locationtag-name\">ARVIDSJAUR<\/span>\n          <span class=\"hero-locationtag-coords\">65\u00b0 36\u2032 N, 19\u00b0 11\u2032 O<\/span>\n        <\/div>\n        <a href=\"#first-section\" class=\"hero-scrollarrow\" aria-hidden=\"true\"><\/a>\n        \n    <\/div>\n  <\/section>\n<\/div><div class=\"lazyblock-content-back-wrapper-Z1r6n0o wp-block-lazyblock-content-back-wrapper\" id=\"first-section\"><div class=\"content-back-wrapper\">\n\n<div class=\"lazyblock-textblock-with-headline-Z1TDW4B wp-block-lazyblock-textblock-with-headline\"><section class=\"textblock-headline content-wrapper-boxed\">\n\n  <h2 class=\"content-headline\">\u00dcber uns<\/h2>\n  <h3 class=\"content-subheadline\">Nervenkitzel mal anders <\/h3>\n  <p class=\"content-text\">\n    Mit Alpha One bieten wir dir eine breite Palette an arktischen Abenteuern, die deinen Entdeckergeist so richtig wecken. Egal, ob du Schneemobil fahren, die arktische Tierwelt beobachten oder den Nordlichtern hinterherjagen m\u00f6chtest \u2013 wir haben das perfekte Abenteuer f\u00fcr dich. <br><br>Unsere Vision ist es, dich aus dem Alltag herauszuholen, um Zeit in dieser einzigartigen Umgebung zu verbringen. Indem wir das Beste aus Action, lokaler Kultur und Natur kombinieren, kannst du tief in die Sch\u00f6nheit und das Geheimnis der letzten europ\u00e4ischen Wildnis eintauchen und Erinnerungen schaffen, die ein Leben lang halten. <br><br>Von aufregenden Outdoor-Aktivit\u00e4ten \u00fcber kulinarische Erlebnisse in der Region bis hin zu entspannenden Spa-Abenden \u2013 hier bleiben keine W\u00fcnsche unerf\u00fcllt!<br><br>Wir zeichnen uns durch ma\u00dfgeschneiderte Serviceangebote aus, bei denen jedes Abenteuer perfekt auf deine pers\u00f6nlichen Interessen und F\u00e4higkeiten abgestimmt ist.<br><br><strong>Bist du bereit, mit uns den Norden wie nie zuvor zu erkunden?<\/strong>  <\/p>\n<\/section><\/div>\n\n<div class=\"lazyblock-grid-gallery-26FUdL wp-block-lazyblock-grid-gallery\"><script src=\"https:\/\/alpha-one.com\/wp-content\/themes\/alphaonetheme\/js\/splide.min.js\"><\/script>\n<script src=\"https:\/\/alpha-one.com\/wp-content\/themes\/alphaonetheme\/js\/splide-extension-grid.min.js\"><\/script>\n<link href=\"https:\/\/alpha-one.com\/wp-content\/themes\/alphaonetheme\/css\/splide-core.min.css\" rel=\"stylesheet\" \/>\n<section class=\"content-gridgallery content-wrapper-boxed\">\n  <h2 class=\"content-headline\">HINTER DEN KULISSEN<\/h2>\n\n  <div class=\"grid-gallery splide\" role=\"group\" aria-label=\"Splide Basic HTML Example\">\n        <div class=\"splide__track\">\n          <ul class=\"splide__list\">\n                        <li class=\"splide__slide\">\n              <img decoding=\"async\" loading=\"lazy\" src=\"https:\/\/alpha-one.com\/wp-content\/uploads\/2024\/05\/team05.jpg\" alt=\"\">\n            <\/li>\n                        <li class=\"splide__slide\">\n              <img decoding=\"async\" loading=\"lazy\" src=\"https:\/\/alpha-one.com\/wp-content\/uploads\/2024\/05\/team06.jpg\" alt=\"\">\n            <\/li>\n                        <li class=\"splide__slide\">\n              <img decoding=\"async\" loading=\"lazy\" src=\"https:\/\/alpha-one.com\/wp-content\/uploads\/2024\/05\/team04.jpg\" alt=\"\">\n            <\/li>\n                        <li class=\"splide__slide\">\n              <img decoding=\"async\" loading=\"lazy\" src=\"https:\/\/alpha-one.com\/wp-content\/uploads\/2024\/05\/team07.jpg\" alt=\"\">\n            <\/li>\n                        <li class=\"splide__slide\">\n              <img decoding=\"async\" loading=\"lazy\" src=\"https:\/\/alpha-one.com\/wp-content\/uploads\/2024\/05\/team03.jpg\" alt=\"\">\n            <\/li>\n                        <li class=\"splide__slide\">\n              <img decoding=\"async\" loading=\"lazy\" src=\"https:\/\/alpha-one.com\/wp-content\/uploads\/2024\/05\/team08.jpg\" alt=\"\">\n            <\/li>\n                        <li class=\"splide__slide\">\n              <img decoding=\"async\" loading=\"lazy\" src=\"https:\/\/alpha-one.com\/wp-content\/uploads\/2024\/05\/team09.jpg\" alt=\"\">\n            <\/li>\n                        <li class=\"splide__slide\">\n              <img decoding=\"async\" loading=\"lazy\" src=\"https:\/\/alpha-one.com\/wp-content\/uploads\/2024\/05\/team10.jpg\" alt=\"\">\n            <\/li>\n                        <li class=\"splide__slide\">\n              <img decoding=\"async\" loading=\"lazy\" src=\"https:\/\/alpha-one.com\/wp-content\/uploads\/2024\/05\/team12.jpg\" alt=\"\">\n            <\/li>\n                        <li class=\"splide__slide\">\n              <img decoding=\"async\" loading=\"lazy\" src=\"https:\/\/alpha-one.com\/wp-content\/uploads\/2024\/05\/team14.jpg\" alt=\"\">\n            <\/li>\n                        <li class=\"splide__slide\">\n              <img decoding=\"async\" loading=\"lazy\" src=\"https:\/\/alpha-one.com\/wp-content\/uploads\/2024\/05\/team13.jpg\" alt=\"\">\n            <\/li>\n                        <li class=\"splide__slide\">\n              <img decoding=\"async\" loading=\"lazy\" src=\"https:\/\/alpha-one.com\/wp-content\/uploads\/2024\/05\/team16.jpg\" alt=\"\">\n            <\/li>\n                        <li class=\"splide__slide\">\n              <img decoding=\"async\" loading=\"lazy\" src=\"https:\/\/alpha-one.com\/wp-content\/uploads\/2024\/05\/team17.jpg\" alt=\"\">\n            <\/li>\n                        <li class=\"splide__slide\">\n              <img decoding=\"async\" loading=\"lazy\" src=\"https:\/\/alpha-one.com\/wp-content\/uploads\/2024\/05\/team18.jpg\" alt=\"\">\n            <\/li>\n                        <li class=\"splide__slide\">\n              <img decoding=\"async\" loading=\"lazy\" src=\"https:\/\/alpha-one.com\/wp-content\/uploads\/2024\/05\/team15.jpg\" alt=\"\">\n            <\/li>\n                        <li class=\"splide__slide\">\n              <img decoding=\"async\" loading=\"lazy\" src=\"https:\/\/alpha-one.com\/wp-content\/uploads\/2024\/05\/team01.jpg\" alt=\"\">\n            <\/li>\n                        <li class=\"splide__slide\">\n              <img decoding=\"async\" loading=\"lazy\" src=\"https:\/\/alpha-one.com\/wp-content\/uploads\/2024\/05\/team02.jpg\" alt=\"\">\n            <\/li>\n                        <li class=\"splide__slide\">\n              <img decoding=\"async\" loading=\"lazy\" src=\"https:\/\/alpha-one.com\/wp-content\/uploads\/2024\/05\/team11.jpg\" alt=\"\">\n            <\/li>\n                      <\/ul>\n        <\/div>\n      <\/div>\n      <script>\n        new Splide( '.splide', {\n          autoplay: true,          type: 'loop',\n          interval: 5000,\n          grid: {\n        \t\trows: 3,\n        \t\tcols: 3,\n        \t\tgap : {\n        \t\t\trow: '1.5rem',\n        \t\t\tcol: '1.5rem',\n        \t\t},\n          },\n          breakpoints: {\n        \t\t700: {\n        \t\t\tgrid: false,\n        \t\t},\n          },\n        } ).mount( window.splide.Extensions );\n      <\/script>\n  \n  \n<\/section><\/div>\n\n<div class=\"lazyblock-textblock-with-headline-Z166Hz wp-block-lazyblock-textblock-with-headline\"><section class=\"textblock-headline content-wrapper-boxed\">\n\n  <h2 class=\"content-headline\"><\/h2>\n  <h3 class=\"content-subheadline\"><\/h3>\n  <p class=\"content-text\">\n      <\/p>\n<\/section><\/div>\n\n<\/div><\/div><div class=\"lazyblock-contact-floater-8HHst wp-block-lazyblock-contact-floater\"><div class=\"contact-floater\">\n  <a href=\"\/contact-us#first-section\">\n    <svg width=\"40\" height=\"40\" viewBox=\"0 0 40 40\" fill=\"none\" xmlns=\"http:\/\/www.w3.org\/2000\/svg\">\n<path d=\"M6.11125 33.3332C5.36125 33.3332 4.71069 33.0578 4.15958 32.5069C3.60875 31.9558 3.33333 31.3053 3.33333 30.5553V9.44442C3.33333 8.69442 3.60875 8.04387 4.15958 7.49275C4.71069 6.94192 5.36125 6.6665 6.11125 6.6665H33.8888C34.6388 6.6665 35.2893 6.94192 35.8404 7.49275C36.3912 8.04387 36.6667 8.69442 36.6667 9.44442V30.5553C36.6667 31.3053 36.3912 31.9558 35.8404 32.5069C35.2893 33.0578 34.6388 33.3332 33.8888 33.3332H6.11125ZM20 21.0553L6.11125 12.0832V30.5553H33.8888V12.0832L20 21.0553ZM20 18.2778L33.7779 9.44442H6.25L20 18.2778ZM6.11125 12.0832V9.44442V30.5553V12.0832Z\" \/>\n<\/svg>\n    <\/a>\n<\/div><\/div>","protected":false},"excerpt":{"rendered":"","protected":false},"author":1,"featured_media":0,"parent":0,"menu_order":0,"comment_status":"closed","ping_status":"closed","template":"generic.php","meta":{"footnotes":""},"class_list":["post-2286","page","type-page","status-publish","hentry"],"aioseo_notices":[],"_links":{"self":[{"href":"https:\/\/alpha-one.com\/de\/wp-json\/wp\/v2\/pages\/2286","targetHints":{"allow":["GET"]}}],"collection":[{"href":"https:\/\/alpha-one.com\/de\/wp-json\/wp\/v2\/pages"}],"about":[{"href":"https:\/\/alpha-one.com\/de\/wp-json\/wp\/v2\/types\/page"}],"author":[{"embeddable":true,"href":"https:\/\/alpha-one.com\/de\/wp-json\/wp\/v2\/users\/1"}],"replies":[{"embeddable":true,"href":"https:\/\/alpha-one.com\/de\/wp-json\/wp\/v2\/comments?post=2286"}],"version-history":[{"count":13,"href":"https:\/\/alpha-one.com\/de\/wp-json\/wp\/v2\/pages\/2286\/revisions"}],"predecessor-version":[{"id":2411,"href":"https:\/\/alpha-one.com\/de\/wp-json\/wp\/v2\/pages\/2286\/revisions\/2411"}],"wp:attachment":[{"href":"https:\/\/alpha-one.com\/de\/wp-json\/wp\/v2\/media?parent=2286"}],"curies":[{"name":"wp","href":"https:\/\/api.w.org\/{rel}","templated":true}]}}