{"id":3309,"date":"2025-09-24T10:16:58","date_gmt":"2025-09-24T10:16:58","guid":{"rendered":"https:\/\/alpha-one.com\/trends-insights"},"modified":"2025-11-21T12:33:51","modified_gmt":"2025-11-21T12:33:51","slug":"trends-insights","status":"publish","type":"page","link":"https:\/\/alpha-one.com\/de\/trends-insights","title":{"rendered":"Trends &amp; Insights"},"content":{"rendered":"<div class=\"lazyblock-blog-overview-header-Z1BWgRn wp-block-lazyblock-blog-overview-header\"><script src=\"https:\/\/alpha-one.com\/wp-content\/themes\/alphaonetheme\/js\/splide.min.js\"><\/script>\n<script src=\"https:\/\/alpha-one.com\/wp-content\/themes\/alphaonetheme\/js\/splide-extension-grid.min.js\"><\/script>\n<link href=\"https:\/\/alpha-one.com\/wp-content\/themes\/alphaonetheme\/css\/splide-core.min.css\" rel=\"stylesheet\" \/>\n\n<section class=\"hero hero-blogoverview\" style=\"background-image:url('https:\/\/alpha-one.com\/wp-content\/uploads\/2024\/05\/compressed-nature_05-1.jpg')\">\n    <div class=\"content-wrapper\">\n      \n \n        <div class=\"blogoverview-slider splide\" role=\"group\" aria-label=\"Splide Basic HTML Example\">\n              <div class=\"splide__track\">\n                <ul class=\"splide__list\">\n                   \n                      <li class=\"splide__slide\" style=\"background-image:url('https:\/\/alpha-one.com\/wp-content\/uploads\/2025\/09\/bbg-keyvisual_header.jpg')\">\n                          <div class=\"blogoverview-slide-wrapper\">\n                          <div class=\"blogoverview-slide-content\">\n                            <h2>Arctic Flames 2026 &#8211; Die hei\u00dfeste Erfahrung jenseits des Polarkreises<\/h2>\n                            <p>Wenn die Sonne tief \u00fcber den schneebedeckten W\u00e4ldern Lapplands steht und der Frost in der Luft glitzert, beginnt ein einmaliges&hellip;<\/p>\n                            <a href=\"https:\/\/alpha-one.com\/de\/that-is-a-test-blog-entry-with-a-title-length-that-is-average-3\" class=\"button-solid\">Artikel lesen <\/a>\n                          <\/div>\n                        <\/div>\n                      <\/li>\n                                    \n                  \n                    \n                  \n                <\/ul>\n              <\/div>\n            <\/div>\n            <script>\n              new Splide( '.splide', {\n                autoplay: false,                type: 'loop',\n                interval: 5000,\n                breakpoints: {\n              \t\t700: {\n              \t\t\tgrid: false,\n              \t\t},\n                },\n              } ).mount( window.splide.Extensions );\n            <\/script>\n    \n    \n    <\/div>\n    <div class=\"hero-meta\">\n      <!--<div class=\"hero-locationtag\">\n          <span class=\"hero-locationtag-name\">ARVIDSJAUR<\/span>\n          <span class=\"hero-locationtag-coords\">65\u00b0 36\u2032 N, 19\u00b0 11\u2032 O<\/span>\n        <\/div>-->\n        <a href=\"#blog-articles\" class=\"hero-scrollarrow\" aria-hidden=\"true\"><\/a>\n        \n    <\/div>\n  <\/section>\n<\/div><div class=\"lazyblock-generic-content-wrapper-183Xlu wp-block-lazyblock-generic-content-wrapper\" id=\"blog-articles\"><div class=\"generic-wrapper content-spacing-medium\">\n\n<div class=\"lazyblock-textblock-with-headline-1g9DwQ wp-block-lazyblock-textblock-with-headline\"><section class=\"textblock-headline-small content-wrapper-boxed\">\n\n  <h2 class=\"content-headline\">Mehr als ein Blog: Deine Eintrittskarte in die Alpha-One-Experience<\/h2>\n  <h3 class=\"content-subheadline\">Tauche ein in Projekte, Menschen und Geschichten, die zeigen, wie wir denken, arbeiten und Abenteuer neu definieren.<\/h3>\n  <p class=\"content-text\">\n    Auf Insights nehmen wir unsere Community mit hinter die Kulissen der Alpha-One-Welt. Wir zeigen, woran wir arbeiten, was uns begeistert \u2013 und was uns antreibt. <br><br>Dich erwarten Einblicke in coole Projekte, spannende Events und Menschen, die mit ihrer Energie und ihren Ideen inspirieren. Au\u00dferdem testen wir f\u00fcr euch Outdoor-Equipment unter echten Bedingungen und erz\u00e4hlen authentische Geschichten aus Schwedisch Lappland \u2013 von Winterabenteuern im Outback bis zu besonderen Begegnungen in einer der wildesten Regionen Europas. <br><br>Kurz: Insights ist der Ort f\u00fcr alle, die Lust auf frische Impulse, echte Erfahrungen und einen Blick hinter die Kulissen von Alpha One haben.  <\/p>\n<\/section><\/div>\n\n<div class=\"lazyblock-blog-grid-MaCDk wp-block-lazyblock-blog-grid\">        <div id=\"blog-grid\" class=\"blog-grid content-wrapper-boxed\" data-page=\"1\">\n                        <a href=\"https:\/\/alpha-one.com\/de\/that-is-a-test-blog-entry-with-a-title-length-that-is-average-3\">\n                <article class=\"blog-grid-item\">\n                        <img loading=\"lazy\" decoding=\"async\" width=\"300\" height=\"148\" src=\"https:\/\/alpha-one.com\/wp-content\/uploads\/2025\/09\/bbg-keyvisual_header-300x148.jpg\" class=\"attachment-medium size-medium wp-post-image\" alt=\"\" srcset=\"https:\/\/alpha-one.com\/wp-content\/uploads\/2025\/09\/bbg-keyvisual_header-300x148.jpg 300w, https:\/\/alpha-one.com\/wp-content\/uploads\/2025\/09\/bbg-keyvisual_header-1024x507.jpg 1024w, https:\/\/alpha-one.com\/wp-content\/uploads\/2025\/09\/bbg-keyvisual_header-768x380.jpg 768w, https:\/\/alpha-one.com\/wp-content\/uploads\/2025\/09\/bbg-keyvisual_header-1536x760.jpg 1536w, https:\/\/alpha-one.com\/wp-content\/uploads\/2025\/09\/bbg-keyvisual_header.jpg 1920w\" sizes=\"auto, (max-width: 300px) 100vw, 300px\" \/>                        <div class=\"blog-grid-item-text\">\n                          <h2>Arctic Flames 2026 &#8211; Die hei\u00dfeste Erfahrung jenseits des Polarkreises<\/h2>\n                          <p>Wenn die Sonne tief \u00fcber den schneebedeckten W\u00e4ldern Lapplands steht und der Frost in der Luft glitzert, beginnt ein einmaliges&hellip;<\/p>\n                        <\/div>\n                <\/article>\n              <\/a>\n                    <\/div>\n        <div id=\"loading\" class=\"blog-loading-spinner content-wrapper-boxed\">\n          <span class=\"spinner\"><\/span> <span style=\"display: none;\" class=\"spinner-text\">Loading&#8230;<\/span>\n        <\/div>               \n        \n                <script>\n        const articlesContainer = document.getElementById('blog-grid');\n        const loadingElement = document.getElementById('loading');\n\n        let page = 2;\n        let fetching = false;\n        let hasMore = true;\n        let keepLoading = false;\n    \n        async function fetchArticles(pageNumber) {\n          const formData = new FormData();\n          formData.append(\"action\", \"blog_load_more\");\n          formData.append(\"page\", page);\n\n          var res = await fetch(\"https:\/\/alpha-one.com\/wp-admin\/admin-ajax.php\", {\n          method: \"POST\",\n          body: formData\n          });\n          return await res.text();\n        }\n    \n        async function loadArticles() {\n          if (fetching || !hasMore || !keepLoading) return;\n          fetching = true;\n      \n          const html = await fetchArticles(page);\n          if (!html) {\n            hasMore = false;\n            loadingElement.style = \"display:none\";\n          } else {\n            articlesContainer.insertAdjacentHTML(\"beforeend\", html);\n            page++;\n          }\n      \n          fetching = false;\n      \n          if (keepLoading) {\n            loadArticles();\n          }\n        }\n      \n        const observer = new IntersectionObserver((entries) => {\n          if (entries[0].isIntersecting) {\n            keepLoading = true;\n            loadArticles();\n          } else {\n            keepLoading = false;\n          }\n        }, { rootMargin: \"0px\" });\n      \n        observer.observe(loadingElement);\n      \n        loadArticles();\n        <\/script>\n        \n          \n\n        \n        \n<\/div>\n\n<\/div><\/div>","protected":false},"excerpt":{"rendered":"","protected":false},"author":1,"featured_media":0,"parent":0,"menu_order":0,"comment_status":"closed","ping_status":"closed","template":"generic-white.php","meta":{"footnotes":""},"class_list":["post-3309","page","type-page","status-publish","hentry"],"aioseo_notices":[],"_links":{"self":[{"href":"https:\/\/alpha-one.com\/de\/wp-json\/wp\/v2\/pages\/3309","targetHints":{"allow":["GET"]}}],"collection":[{"href":"https:\/\/alpha-one.com\/de\/wp-json\/wp\/v2\/pages"}],"about":[{"href":"https:\/\/alpha-one.com\/de\/wp-json\/wp\/v2\/types\/page"}],"author":[{"embeddable":true,"href":"https:\/\/alpha-one.com\/de\/wp-json\/wp\/v2\/users\/1"}],"replies":[{"embeddable":true,"href":"https:\/\/alpha-one.com\/de\/wp-json\/wp\/v2\/comments?post=3309"}],"version-history":[{"count":6,"href":"https:\/\/alpha-one.com\/de\/wp-json\/wp\/v2\/pages\/3309\/revisions"}],"predecessor-version":[{"id":3566,"href":"https:\/\/alpha-one.com\/de\/wp-json\/wp\/v2\/pages\/3309\/revisions\/3566"}],"wp:attachment":[{"href":"https:\/\/alpha-one.com\/de\/wp-json\/wp\/v2\/media?parent=3309"}],"curies":[{"name":"wp","href":"https:\/\/api.w.org\/{rel}","templated":true}]}}