{"id":2522,"date":"2024-05-16T08:02:11","date_gmt":"2024-05-16T08:02:11","guid":{"rendered":"https:\/\/alpha-one.com\/about-us"},"modified":"2025-09-11T09:09:21","modified_gmt":"2025-09-11T09:09:21","slug":"a-propos-de-nous","status":"publish","type":"page","link":"https:\/\/alpha-one.com\/fr\/a-propos-de-nous","title":{"rendered":"A propos de nous"},"content":{"rendered":"<div class=\"lazyblock-detail-header-Z1fzRIF wp-block-lazyblock-detail-header\"><section class=\"hero hero-detail\" style=\"background-image:url('https:\/\/alpha-one.com\/wp-content\/uploads\/2024\/05\/header_about-us.jpg')\">\n    <div class=\"content-wrapper\">\n      <div class=\"detail-header\">\n        <div class=\"subheadline\"><\/div>\n        <h1>A propos de nous<\/h1>  \n      <\/div>\n    <\/div>\n    <div class=\"hero-meta\">\n      <div class=\"hero-locationtag\">\n          <span class=\"hero-locationtag-name\">ARVIDSJAUR<\/span>\n          <span class=\"hero-locationtag-coords\">65\u00b0 36\u2032 N, 19\u00b0 11\u2032 O<\/span>\n        <\/div>\n        <a href=\"#first-section\" class=\"hero-scrollarrow\" aria-hidden=\"true\"><\/a>\n        \n    <\/div>\n  <\/section>\n<\/div><div class=\"lazyblock-content-back-wrapper-Z1r6n0o wp-block-lazyblock-content-back-wrapper\" id=\"first-section\"><div class=\"content-back-wrapper\">\n\n<div class=\"lazyblock-textblock-with-headline-Z1TDW4B wp-block-lazyblock-textblock-with-headline\"><section class=\"textblock-headline content-wrapper-boxed\">\n\n  <h2 class=\"content-headline\">A propos de nous<\/h2>\n  <h3 class=\"content-subheadline\">Vivez le frisson de l&rsquo;Arctique <\/h3>\n  <p class=\"content-text\">\n    Alpha One propose un large \u00e9ventail d&rsquo;aventures arctiques con\u00e7ues pour satisfaire votre esprit d&rsquo;exploration. Qu&rsquo;il s&rsquo;agisse de faire de la motoneige, de rencontrer la faune arctique ou de chasser les aurores bor\u00e9ales, nous avons l&rsquo;aventure parfaite pour vous. <br><br>Notre vision est de vous sortir de votre vie quotidienne et de vous encourager \u00e0 passer du temps dans cet environnement unique. Nous allons bien au-del\u00e0 de l&rsquo;ordinaire en combinant le meilleur de l&rsquo;action, de la culture locale et de la nature pour vous faire plonger dans la beaut\u00e9 et le myst\u00e8re de l&rsquo;Arctique et cr\u00e9er des souvenirs qui dureront toute une vie. <br><br>Des activit\u00e9s de plein air palpitantes aux exp\u00e9riences culinaires locales, en passant par les soir\u00e9es spa relaxantes, nous offrons le meilleur de tout pour r\u00e9pondre \u00e0 vos besoins sp\u00e9cifiques.<br><br>Nous nous distinguons en proposant des services personnalis\u00e9s, o\u00f9 chaque aventure correspond parfaitement \u00e0 vos int\u00e9r\u00eats personnels et \u00e0 votre niveau de comp\u00e9tence.<br><br><strong>\u00cates-vous pr\u00eat \u00e0 explorer l&rsquo;Arctique avec nous comme jamais auparavant ?<\/strong>  <\/p>\n<\/section><\/div>\n\n<div class=\"lazyblock-grid-gallery-26FUdL wp-block-lazyblock-grid-gallery\"><script src=\"https:\/\/alpha-one.com\/wp-content\/themes\/alphaonetheme\/js\/splide.min.js\"><\/script>\n<script src=\"https:\/\/alpha-one.com\/wp-content\/themes\/alphaonetheme\/js\/splide-extension-grid.min.js\"><\/script>\n<link href=\"https:\/\/alpha-one.com\/wp-content\/themes\/alphaonetheme\/css\/splide-core.min.css\" rel=\"stylesheet\" \/>\n<section class=\"content-gridgallery content-wrapper-boxed\">\n  <h2 class=\"content-headline\">LES COULISSES DE L&rsquo;ARCTIQUE<\/h2>\n\n  <div class=\"grid-gallery splide\" role=\"group\" aria-label=\"Splide Basic HTML Example\">\n        <div class=\"splide__track\">\n          <ul class=\"splide__list\">\n                        <li class=\"splide__slide\">\n              <img decoding=\"async\" loading=\"lazy\" src=\"https:\/\/alpha-one.com\/wp-content\/uploads\/2024\/05\/team05.jpg\" alt=\"\">\n            <\/li>\n                        <li class=\"splide__slide\">\n              <img decoding=\"async\" loading=\"lazy\" src=\"https:\/\/alpha-one.com\/wp-content\/uploads\/2024\/05\/team06.jpg\" alt=\"\">\n            <\/li>\n                        <li class=\"splide__slide\">\n              <img decoding=\"async\" loading=\"lazy\" src=\"https:\/\/alpha-one.com\/wp-content\/uploads\/2024\/05\/team04.jpg\" alt=\"\">\n            <\/li>\n                        <li class=\"splide__slide\">\n              <img decoding=\"async\" loading=\"lazy\" src=\"https:\/\/alpha-one.com\/wp-content\/uploads\/2024\/05\/team07.jpg\" alt=\"\">\n            <\/li>\n                        <li class=\"splide__slide\">\n              <img decoding=\"async\" loading=\"lazy\" src=\"https:\/\/alpha-one.com\/wp-content\/uploads\/2024\/05\/team03.jpg\" alt=\"\">\n            <\/li>\n                        <li class=\"splide__slide\">\n              <img decoding=\"async\" loading=\"lazy\" src=\"https:\/\/alpha-one.com\/wp-content\/uploads\/2024\/05\/team08.jpg\" alt=\"\">\n            <\/li>\n                        <li class=\"splide__slide\">\n              <img decoding=\"async\" loading=\"lazy\" src=\"https:\/\/alpha-one.com\/wp-content\/uploads\/2024\/05\/team09.jpg\" alt=\"\">\n            <\/li>\n                        <li class=\"splide__slide\">\n              <img decoding=\"async\" loading=\"lazy\" src=\"https:\/\/alpha-one.com\/wp-content\/uploads\/2024\/05\/team10.jpg\" alt=\"\">\n            <\/li>\n                        <li class=\"splide__slide\">\n              <img decoding=\"async\" loading=\"lazy\" src=\"https:\/\/alpha-one.com\/wp-content\/uploads\/2024\/05\/team12.jpg\" alt=\"\">\n            <\/li>\n                        <li class=\"splide__slide\">\n              <img decoding=\"async\" loading=\"lazy\" src=\"https:\/\/alpha-one.com\/wp-content\/uploads\/2024\/05\/team14.jpg\" alt=\"\">\n            <\/li>\n                        <li class=\"splide__slide\">\n              <img decoding=\"async\" loading=\"lazy\" src=\"https:\/\/alpha-one.com\/wp-content\/uploads\/2024\/05\/team13.jpg\" alt=\"\">\n            <\/li>\n                        <li class=\"splide__slide\">\n              <img decoding=\"async\" loading=\"lazy\" src=\"https:\/\/alpha-one.com\/wp-content\/uploads\/2024\/05\/team16.jpg\" alt=\"\">\n            <\/li>\n                        <li class=\"splide__slide\">\n              <img decoding=\"async\" loading=\"lazy\" src=\"https:\/\/alpha-one.com\/wp-content\/uploads\/2024\/05\/team17.jpg\" alt=\"\">\n            <\/li>\n                        <li class=\"splide__slide\">\n              <img decoding=\"async\" loading=\"lazy\" src=\"https:\/\/alpha-one.com\/wp-content\/uploads\/2024\/05\/team18.jpg\" alt=\"\">\n            <\/li>\n                        <li class=\"splide__slide\">\n              <img decoding=\"async\" loading=\"lazy\" src=\"https:\/\/alpha-one.com\/wp-content\/uploads\/2024\/05\/team15.jpg\" alt=\"\">\n            <\/li>\n                        <li class=\"splide__slide\">\n              <img decoding=\"async\" loading=\"lazy\" src=\"https:\/\/alpha-one.com\/wp-content\/uploads\/2024\/05\/team01.jpg\" alt=\"\">\n            <\/li>\n                        <li class=\"splide__slide\">\n              <img decoding=\"async\" loading=\"lazy\" src=\"https:\/\/alpha-one.com\/wp-content\/uploads\/2024\/05\/team02.jpg\" alt=\"\">\n            <\/li>\n                        <li class=\"splide__slide\">\n              <img decoding=\"async\" loading=\"lazy\" src=\"https:\/\/alpha-one.com\/wp-content\/uploads\/2024\/05\/team11.jpg\" alt=\"\">\n            <\/li>\n                      <\/ul>\n        <\/div>\n      <\/div>\n      <script>\n        new Splide( '.splide', {\n          autoplay: true,          type: 'loop',\n          interval: 5000,\n          grid: {\n        \t\trows: 3,\n        \t\tcols: 3,\n        \t\tgap : {\n        \t\t\trow: '1.5rem',\n        \t\t\tcol: '1.5rem',\n        \t\t},\n          },\n          breakpoints: {\n        \t\t700: {\n        \t\t\tgrid: false,\n        \t\t},\n          },\n        } ).mount( window.splide.Extensions );\n      <\/script>\n  \n  \n<\/section><\/div>\n\n<div class=\"lazyblock-textblock-with-headline-Z166Hz wp-block-lazyblock-textblock-with-headline\"><section class=\"textblock-headline content-wrapper-boxed\">\n\n  <h2 class=\"content-headline\"><\/h2>\n  <h3 class=\"content-subheadline\"><\/h3>\n  <p class=\"content-text\">\n      <\/p>\n<\/section><\/div>\n\n<\/div><\/div><div class=\"lazyblock-contact-floater-8HHst wp-block-lazyblock-contact-floater\"><div class=\"contact-floater\">\n  <a href=\"\/contact-us#first-section\">\n    <svg width=\"40\" height=\"40\" viewBox=\"0 0 40 40\" fill=\"none\" xmlns=\"http:\/\/www.w3.org\/2000\/svg\">\n<path d=\"M6.11125 33.3332C5.36125 33.3332 4.71069 33.0578 4.15958 32.5069C3.60875 31.9558 3.33333 31.3053 3.33333 30.5553V9.44442C3.33333 8.69442 3.60875 8.04387 4.15958 7.49275C4.71069 6.94192 5.36125 6.6665 6.11125 6.6665H33.8888C34.6388 6.6665 35.2893 6.94192 35.8404 7.49275C36.3912 8.04387 36.6667 8.69442 36.6667 9.44442V30.5553C36.6667 31.3053 36.3912 31.9558 35.8404 32.5069C35.2893 33.0578 34.6388 33.3332 33.8888 33.3332H6.11125ZM20 21.0553L6.11125 12.0832V30.5553H33.8888V12.0832L20 21.0553ZM20 18.2778L33.7779 9.44442H6.25L20 18.2778ZM6.11125 12.0832V9.44442V30.5553V12.0832Z\" \/>\n<\/svg>\n    <\/a>\n<\/div><\/div>","protected":false},"excerpt":{"rendered":"","protected":false},"author":1,"featured_media":0,"parent":0,"menu_order":0,"comment_status":"closed","ping_status":"closed","template":"generic.php","meta":{"footnotes":""},"class_list":["post-2522","page","type-page","status-publish","hentry"],"aioseo_notices":[],"_links":{"self":[{"href":"https:\/\/alpha-one.com\/fr\/wp-json\/wp\/v2\/pages\/2522","targetHints":{"allow":["GET"]}}],"collection":[{"href":"https:\/\/alpha-one.com\/fr\/wp-json\/wp\/v2\/pages"}],"about":[{"href":"https:\/\/alpha-one.com\/fr\/wp-json\/wp\/v2\/types\/page"}],"author":[{"embeddable":true,"href":"https:\/\/alpha-one.com\/fr\/wp-json\/wp\/v2\/users\/1"}],"replies":[{"embeddable":true,"href":"https:\/\/alpha-one.com\/fr\/wp-json\/wp\/v2\/comments?post=2522"}],"version-history":[{"count":4,"href":"https:\/\/alpha-one.com\/fr\/wp-json\/wp\/v2\/pages\/2522\/revisions"}],"predecessor-version":[{"id":2552,"href":"https:\/\/alpha-one.com\/fr\/wp-json\/wp\/v2\/pages\/2522\/revisions\/2552"}],"wp:attachment":[{"href":"https:\/\/alpha-one.com\/fr\/wp-json\/wp\/v2\/media?parent=2522"}],"curies":[{"name":"wp","href":"https:\/\/api.w.org\/{rel}","templated":true}]}}