{"id":2694,"date":"2024-05-17T09:27:14","date_gmt":"2024-05-17T09:27:14","guid":{"rendered":"https:\/\/alpha-one.com\/faq"},"modified":"2025-09-16T08:57:21","modified_gmt":"2025-09-16T08:57:21","slug":"gyik","status":"publish","type":"page","link":"https:\/\/alpha-one.com\/hu\/gyik","title":{"rendered":"GYIK"},"content":{"rendered":"<div class=\"lazyblock-detail-header-rMbDK wp-block-lazyblock-detail-header\"><section class=\"hero hero-detail\" style=\"background-image:url('https:\/\/alpha-one.com\/wp-content\/uploads\/2024\/05\/header_faq_04.jpg')\">\n    <div class=\"content-wrapper\">\n      <div class=\"detail-header\">\n        <div class=\"subheadline\"><\/div>\n        <h1>GYIK<\/h1>  \n      <\/div>\n    <\/div>\n    <div class=\"hero-meta\">\n      <div class=\"hero-locationtag\">\n          <span class=\"hero-locationtag-name\">ARVIDSJAUR<\/span>\n          <span class=\"hero-locationtag-coords\">65\u00b0 36\u2032 N, 19\u00b0 11\u2032 O<\/span>\n        <\/div>\n        <a href=\"#first-section\" class=\"hero-scrollarrow\" aria-hidden=\"true\"><\/a>\n        \n    <\/div>\n  <\/section>\n<\/div><div class=\"lazyblock-content-back-wrapper-ZtRUSP wp-block-lazyblock-content-back-wrapper\" id=\"first-section\"><div class=\"content-back-wrapper\">\n\n<div class=\"lazyblock-textblock-with-headline-1YpbLp wp-block-lazyblock-textblock-with-headline\"><section class=\"textblock-headline content-wrapper-boxed\">\n\n  <h2 class=\"content-headline\">GYIK<\/h2>\n  <h3 class=\"content-subheadline\">A vonatkoz\u00f3 inform\u00e1ci\u00f3kat m\u00e1r megtal\u00e1lhatja a GYIK-jeinkben. <\/h3>\n  <p class=\"content-text\">\n    A vonatkoz\u00f3 inform\u00e1ci\u00f3kat m\u00e1r megtal\u00e1lhatja a GYIK-jeinkben. Ha m\u00e9g mindig vannak k\u00e9rd\u00e9sei, k\u00e9rj\u00fck, l\u00e9pjen kapcsolatba vel\u00fcnk a szolg\u00e1ltat\u00e1si \u0171rlapunkon kereszt\u00fcl, \u00e9s mi a lehet\u0151 leghamarabb v\u00e1laszolunk \u00d6nnek.  <\/p>\n<\/section><\/div>\n\n<div class=\"lazyblock-faq-1bCiwt wp-block-lazyblock-faq\"><section class=\"content-faq content-wrapper-boxed\">\n  \n    \n  <details>\n  <summary>\n    Mit kell csomagolnom egy \u00e9szaki utaz\u00e1shoz?   <\/summary>\n  <p>\n    A sv\u00e9dorsz\u00e1gi Lappf\u00f6ld\u00f6n a t\u00e9l nagyon hideg lehet, a h\u0151m\u00e9rs\u00e9klet ak\u00e1r -30\u00b0C-ig is cs\u00f6kkenhet. Ez\u00e9rt a megfelel\u0151 ruh\u00e1zat elengedhetetlen. A n\u00e1lunk t\u00f6lt\u00f6tt id\u0151re termoszt overallt, bakancsot, keszty\u0171t, sisakot \u00e9s szem\u00fcveget biztos\u00edtunk. A biztos\u00edtott felszerel\u00e9s mellett javasoljuk, hogy a k\u00f6vetkez\u0151 alapvet\u0151 dolgokat hozza mag\u00e1val:    <br><br>&#8211; K\u00e9nyelmes \u00e9s l\u00e9legz\u0151 s\u00ed als\u00f3nem\u0171<br>&#8211; Sapka, s\u00e1l, \u00e9s a saj\u00e1t keszty\u0171 er\u0151s \u00e9s meleg t\u00e9li cip\u0151<br>&#8211; Napszem\u00fcveg \u00e9s naptej az arcra<br>&#8211; P\u00f3tszem\u00fcveg &#8211; szem\u00fcveg- \u00e9s kontaktlencse visel\u0151k sz\u00e1m\u00e1ra<br>&#8211; Sz\u00fcks\u00e9ges gy\u00f3gyszerek<br>&#8211; Ajakbalzsam \u00e9s gazdag kr\u00e9mek arcra \u00e9s k\u00e9zre (\u00e1ltal\u00e1ban ker\u00fclj\u00fck a v\u00edz alap\u00fa hidrat\u00e1l\u00f3 kr\u00e9meket az arcra, ha rendk\u00edv\u00fcl alacsony a h\u0151m\u00e9rs\u00e9klet).<br>&#8211; F\u00fcrd\u0151ruha<br><br>Az \u00f6lt\u00f6zk\u00f6d\u00e9sben is a r\u00e9teges \u00f6lt\u00f6zk\u00f6d\u00e9s elv\u00e9t javasoljuk. Minden r\u00e9teg egy bizonyos funkci\u00f3t t\u00f6lt be. K\u00e9rj\u00fck, k\u00e9rdezze meg csapatunkat, ha r\u00e9szletesebb csomagol\u00e1si list\u00e1t szeretne kapni.     <\/p>\n  \n  <\/details>\n    \n  <details>\n  <summary>\n    El\u0151zetesen kell-e p\u00e9nzt v\u00e1ltania?  <\/summary>\n  <p>\n    Sv\u00e9dorsz\u00e1gban a helyi p\u00e9nznem a sv\u00e9d korona (SEK). A sz\u00e1lloda, ahol megsz\u00e1ll, k\u00e9szp\u00e9nzmentes sz\u00e1lloda, ami azt jelenti, hogy csak EC \/ bankk\u00e1rty\u00e1val \/ hitelk\u00e1rty\u00e1val tudsz fizetni. A v\u00e1ros \u00f6sszes t\u00f6bbi \u00fczlet\u00e9ben is fizethet k\u00e1rty\u00e1val.\u200d   <\/p>\n  \n  <\/details>\n    \n  <details>\n  <summary>\n    Pontosan hol zajlanak a tev\u00e9kenys\u00e9gek?  <\/summary>\n  <p>\n    Saj\u00e1t tev\u00e9kenys\u00e9geket k\u00edn\u00e1lunk, \u00e9s egy\u00fcttm\u0171k\u00f6d\u00fcnk k\u00fcl\u00f6nb\u00f6z\u0151 helyi szakmai szolg\u00e1ltat\u00f3kkal, hogy a tev\u00e9kenys\u00e9gek sz\u00e9lesebb k\u00f6r\u00e9t tudjuk biztos\u00edtani. A sz\u00e1lloda azonban Arvidsjaurban tal\u00e1lhat\u00f3, \u00e9s minden tev\u00e9kenys\u00e9g a k\u00f6zelben kezd\u0151dik, a sarkk\u00f6rt\u0151l mind\u00f6ssze 100 km-re d\u00e9lre.  <br><br>Helysz\u00edn megtekint\u00e9se a <a href=\"https:\/\/maps.app.goo.gl\/HA4m7nyWrvrqvpT69\" data-type=\"link\" data-id=\"https:\/\/maps.app.goo.gl\/HA4m7nyWrvrqvpT69\" target=\"_blank\" rel=\"noreferrer noopener\">Google Maps -en.<\/a>  <\/p>\n  \n  <\/details>\n    \n  <details>\n  <summary>\n    A saj\u00e1t motoros sz\u00e1nomon \u00fcl\u00f6k, vagy utas vagyok?   <\/summary>\n  <p>\n    A legt\u00f6bb motoros sz\u00e1nunk egy\u00fcl\u00e9ses, \u00edgy \u00d6n a saj\u00e1t motoros sz\u00e1nj\u00e1t fogja tudni vezetni. Ha utask\u00e9nt szeretn\u00e9 k\u00f6vetni a t\u00far\u00e1t, ez term\u00e9szetesen a k\u00e9t\u00fcl\u00e9ses motoros sz\u00e1njainkkal is lehets\u00e9ges. K\u00e9rj\u00fck, tudassa vel\u00fcnk, hogy mit szeretne.     <\/p>\n  \n  <\/details>\n    \n  <details>\n  <summary>\n    Saj\u00e1t kutyasz\u00e1nnal mehetek a t\u00far\u00e1ra, vagy utask\u00e9nt \u00fcl\u00f6k a sz\u00e1non?  <\/summary>\n  <p>\n    Mindkett\u0151 lehets\u00e9ges, att\u00f3l f\u00fcgg\u0151en, hogy melyik t\u00far\u00e1t v\u00e1lasztja \u00e9s foglalja le n\u00e1lunk. Tov\u00e1bbi inform\u00e1ci\u00f3\u00e9rt k\u00e9rj\u00fck, forduljon hozz\u00e1nk k\u00f6zvetlen\u00fcl.   <\/p>\n  \n  <\/details>\n    \n  <details>\n  <summary>\n    S\u00f6t\u00e9t van napk\u00f6zben?  <\/summary>\n  <p>\n    A napfelkelte \u00e9s a napnyugta ideje nagyon gyorsan v\u00e1ltozik (minden nap k\u00f6r\u00fclbel\u00fcl 8 perc k\u00fcl\u00f6nbs\u00e9g van a napf\u00e9nyben), \u00e9s a sz\u00fcrk\u00fclet hosszabbnak t\u0171nik, mint p\u00e9ld\u00e1ul N\u00e9metorsz\u00e1gban. <a href=\"https:\/\/www.timeanddate.com\/sun\/@8132787\" target=\"_blank\" rel=\"noreferrer noopener\">Itt<\/a> megtekintheti a pontos id\u0151pontokat.  <\/p>\n  \n  <\/details>\n    \n  <details>\n  <summary>\n    L\u00e1thatom az \u00e9szaki f\u00e9nyt?  <\/summary>\n  <p>\n    Az \u00e9szaki f\u00e9ny, m\u00e1s n\u00e9ven Aurora Borealis term\u00e9szetes esem\u00e9ny, ak\u00e1rcsak a felh\u0151s \u00e9gbolt, a nap vagy a h\u00f3, ez\u00e9rt nem garant\u00e1lhat\u00f3. Elm\u00e9letileg azonban lehets\u00e9ges, hogy b\u00e1rmikor l\u00e1thatjuk \u0151ket, amikor tiszta az \u00e9jszakai \u00e9gbolt. Mindig javasoljuk a KP-index ellen\u0151rz\u00e9s\u00e9t, amely a naptev\u00e9kenys\u00e9g okozta geom\u00e1gneses zavarokat m\u00e9r\u0151 \u00e9rt\u00e9k. Min\u00e9l magasabb az index, ann\u00e1l nagyobb az es\u00e9ly az \u00e9szaki f\u00e9ny \u00e9szlel\u00e9s\u00e9re. Arvidsjaurban a legjobban akkor lehet \u00e9szaki f\u00e9nyt l\u00e1tni, ha a KP-index legal\u00e1bb 3 (a sk\u00e1la 0-t\u00f3l 9-ig terjed).       <\/p>\n  \n  <\/details>\n    \n<\/section><\/div>\n\n<div class=\"lazyblock-contact-form-2srKBC wp-block-lazyblock-contact-form\"><section class=\"contact-form content-wrapper-boxed\">\n  \n  <div class=\"contact-form-content\">\n\n    <h2 class=\"content-headline\">Szolg\u00e1ltat\u00e1si \u0171rlapunk<\/h2>\n    <h3 class=\"content-subheadline\">Vannak olyan k\u00e9rd\u00e9sek, amelyek nem szerepelnek a GYIK-ben? Ebben az esetben k\u00e9rj\u00fck, haszn\u00e1lja szolg\u00e1ltat\u00e1si \u0171rlapunkat, \u00e9s a lehet\u0151 leghamarabb v\u00e1laszolunk k\u00e9rd\u00e9seire.  <\/h3>\n    <p class=\"content-text\">\n          <\/p>\n    \n    \n<div class=\"wpcf7 no-js\" id=\"wpcf7-f2714-o1\" lang=\"hu-HU\" dir=\"ltr\" data-wpcf7-id=\"2714\">\n<div class=\"screen-reader-response\"><p role=\"status\" aria-live=\"polite\" aria-atomic=\"true\"><\/p> <ul><\/ul><\/div>\n<form action=\"\/hu\/wp-json\/wp\/v2\/pages\/2694#wpcf7-f2714-o1\" method=\"post\" class=\"wpcf7-form init\" aria-label=\"Kapcsolatfelv\u00e9teli \u0171rlap\" novalidate=\"novalidate\" data-status=\"init\">\n<fieldset class=\"hidden-fields-container\"><input type=\"hidden\" name=\"_wpcf7\" value=\"2714\" \/><input type=\"hidden\" name=\"_wpcf7_version\" value=\"6.1.5\" \/><input type=\"hidden\" name=\"_wpcf7_locale\" value=\"hu_HU\" \/><input type=\"hidden\" name=\"_wpcf7_unit_tag\" value=\"wpcf7-f2714-o1\" \/><input type=\"hidden\" name=\"_wpcf7_container_post\" value=\"0\" \/><input type=\"hidden\" name=\"_wpcf7_posted_data_hash\" value=\"\" \/>\n<\/fieldset>\n<p><label> N\u00e9v<br \/>\n<span class=\"wpcf7-form-control-wrap\" data-name=\"your-name\"><input size=\"40\" maxlength=\"400\" class=\"wpcf7-form-control wpcf7-text wpcf7-validates-as-required\" autocomplete=\"name\" aria-required=\"true\" aria-invalid=\"false\" value=\"\" type=\"text\" name=\"your-name\" \/><\/span> <\/label>\n<\/p>\n<p><label> E-mail c\u00edm<br \/>\n<span class=\"wpcf7-form-control-wrap\" data-name=\"your-email\"><input size=\"40\" maxlength=\"400\" class=\"wpcf7-form-control wpcf7-email wpcf7-validates-as-required wpcf7-text wpcf7-validates-as-email\" autocomplete=\"email\" aria-required=\"true\" aria-invalid=\"false\" value=\"\" type=\"email\" name=\"your-email\" \/><\/span> <\/label>\n<\/p>\n<p><label> \u00dczenet<br \/>\n<span class=\"wpcf7-form-control-wrap\" data-name=\"your-message\"><textarea cols=\"40\" rows=\"10\" maxlength=\"2000\" class=\"wpcf7-form-control wpcf7-textarea\" aria-invalid=\"false\" name=\"your-message\"><\/textarea><\/span> <\/label>\n<\/p>\n<p><span class=\"wpcf7-form-control-wrap\" data-name=\"checkbox-78\"><span class=\"wpcf7-form-control wpcf7-checkbox wpcf7-validates-as-required\"><span class=\"wpcf7-list-item first last\"><label><input type=\"checkbox\" name=\"checkbox-78[]\" value=\"Elolvastam az adatv\u00e9delmi szab\u00e1lyzatot, \u00e9s elfogadom azt.\" \/><span class=\"wpcf7-list-item-label\">Elolvastam az adatv\u00e9delmi szab\u00e1lyzatot, \u00e9s elfogadom azt.<\/span><\/label><\/span><\/span><\/span>\n<\/p>\n<p><input class=\"wpcf7-form-control wpcf7-submit has-spinner\" type=\"submit\" value=\"K\u00fcldje el a\" \/>\n<\/p><div class=\"wpcf7-response-output\" aria-hidden=\"true\"><\/div>\n<\/form>\n<\/div>\n\n  <\/div>\n<\/section>\n\n<\/div>\n\n<\/div><\/div><div class=\"lazyblock-contact-floater-Z1zVD8y wp-block-lazyblock-contact-floater\"><div class=\"contact-floater\">\n  <a href=\"\/contact-us#first-section\">\n    <svg width=\"40\" height=\"40\" viewBox=\"0 0 40 40\" fill=\"none\" xmlns=\"http:\/\/www.w3.org\/2000\/svg\">\n<path d=\"M6.11125 33.3332C5.36125 33.3332 4.71069 33.0578 4.15958 32.5069C3.60875 31.9558 3.33333 31.3053 3.33333 30.5553V9.44442C3.33333 8.69442 3.60875 8.04387 4.15958 7.49275C4.71069 6.94192 5.36125 6.6665 6.11125 6.6665H33.8888C34.6388 6.6665 35.2893 6.94192 35.8404 7.49275C36.3912 8.04387 36.6667 8.69442 36.6667 9.44442V30.5553C36.6667 31.3053 36.3912 31.9558 35.8404 32.5069C35.2893 33.0578 34.6388 33.3332 33.8888 33.3332H6.11125ZM20 21.0553L6.11125 12.0832V30.5553H33.8888V12.0832L20 21.0553ZM20 18.2778L33.7779 9.44442H6.25L20 18.2778ZM6.11125 12.0832V9.44442V30.5553V12.0832Z\" \/>\n<\/svg>\n    <\/a>\n<\/div><\/div>","protected":false},"excerpt":{"rendered":"","protected":false},"author":1,"featured_media":0,"parent":0,"menu_order":0,"comment_status":"closed","ping_status":"closed","template":"generic.php","meta":{"footnotes":""},"class_list":["post-2694","page","type-page","status-publish","hentry"],"aioseo_notices":[],"_links":{"self":[{"href":"https:\/\/alpha-one.com\/hu\/wp-json\/wp\/v2\/pages\/2694","targetHints":{"allow":["GET"]}}],"collection":[{"href":"https:\/\/alpha-one.com\/hu\/wp-json\/wp\/v2\/pages"}],"about":[{"href":"https:\/\/alpha-one.com\/hu\/wp-json\/wp\/v2\/types\/page"}],"author":[{"embeddable":true,"href":"https:\/\/alpha-one.com\/hu\/wp-json\/wp\/v2\/users\/1"}],"replies":[{"embeddable":true,"href":"https:\/\/alpha-one.com\/hu\/wp-json\/wp\/v2\/comments?post=2694"}],"version-history":[{"count":2,"href":"https:\/\/alpha-one.com\/hu\/wp-json\/wp\/v2\/pages\/2694\/revisions"}],"predecessor-version":[{"id":2786,"href":"https:\/\/alpha-one.com\/hu\/wp-json\/wp\/v2\/pages\/2694\/revisions\/2786"}],"wp:attachment":[{"href":"https:\/\/alpha-one.com\/hu\/wp-json\/wp\/v2\/media?parent=2694"}],"curies":[{"name":"wp","href":"https:\/\/api.w.org\/{rel}","templated":true}]}}