{"id":2698,"date":"2024-05-16T08:02:11","date_gmt":"2024-05-16T08:02:11","guid":{"rendered":"https:\/\/alpha-one.com\/about-us"},"modified":"2025-09-16T08:43:36","modified_gmt":"2025-09-16T08:43:36","slug":"rolunk","status":"publish","type":"page","link":"https:\/\/alpha-one.com\/hu\/rolunk","title":{"rendered":"R\u00d3LUNK"},"content":{"rendered":"<div class=\"lazyblock-detail-header-Z1fzRIF wp-block-lazyblock-detail-header\"><section class=\"hero hero-detail\" style=\"background-image:url('https:\/\/alpha-one.com\/wp-content\/uploads\/2024\/05\/header_about-us.jpg')\">\n    <div class=\"content-wrapper\">\n      <div class=\"detail-header\">\n        <div class=\"subheadline\"><\/div>\n        <h1>R\u00d3LUNK<\/h1>  \n      <\/div>\n    <\/div>\n    <div class=\"hero-meta\">\n      <div class=\"hero-locationtag\">\n          <span class=\"hero-locationtag-name\">ARVIDSJAUR<\/span>\n          <span class=\"hero-locationtag-coords\">65\u00b0 36\u2032 N, 19\u00b0 11\u2032 O<\/span>\n        <\/div>\n        <a href=\"#first-section\" class=\"hero-scrollarrow\" aria-hidden=\"true\"><\/a>\n        \n    <\/div>\n  <\/section>\n<\/div><div class=\"lazyblock-content-back-wrapper-Z1r6n0o wp-block-lazyblock-content-back-wrapper\" id=\"first-section\"><div class=\"content-back-wrapper\">\n\n<div class=\"lazyblock-textblock-with-headline-Z1TDW4B wp-block-lazyblock-textblock-with-headline\"><section class=\"textblock-headline content-wrapper-boxed\">\n\n  <h2 class=\"content-headline\">R\u00d3LUNK<\/h2>\n  <h3 class=\"content-subheadline\">\u00c9lje \u00e1t a sarkvid\u00e9k izgalm\u00e1t, Fedezze fel a sarkvid\u00e9k vil\u00e1g\u00e1t. <\/h3>\n  <p class=\"content-text\">\n    Az Alpha One sarkvid\u00e9ki kalandok sz\u00e9les v\u00e1laszt\u00e9k\u00e1t k\u00edn\u00e1lja, melyet \u00fagy tervezt\u00fcnk, hogy kiel\u00e9g\u00edts\u00e9k felfedez\u0151 kedv\u00e9t. Legyen sz\u00f3 h\u00f3sz\u00e1noz\u00e1sr\u00f3l, a sarkvid\u00e9ki vadvil\u00e1ggal val\u00f3 tal\u00e1lkoz\u00e1sr\u00f3l vagy \u00e9szaki f\u00e9ny csod\u00e1lat\u00e1r\u00f3l, n\u00e1lunk t\u00f6k\u00e9letes kalandban lesz r\u00e9sze. <br><br>C\u00e9lunk, hogy kiemelj\u00fck \u00d6nt a mindennapi \u00e9let\u00e9b\u0151l, \u00e9s arra \u00f6szt\u00f6n\u00f6zz\u00fck, hogy id\u0151t t\u00f6lts\u00f6n ebben az egyed\u00fcl\u00e1ll\u00f3 k\u00f6rnyezetben. A helyi kult\u00fara \u00e9s a term\u00e9szet legjav\u00e1t \u00f6tv\u00f6zve messze t\u00falmutatunk a h\u00e9tk\u00f6znapokon, hogy \u00d6n m\u00e9lyen elmer\u00fclhessen az \u00c9szaki-sarkvid\u00e9k sz\u00e9ps\u00e9g\u00e9ben \u00e9s rejt\u00e9lyeiben, \u00e9s \u00e9letre sz\u00f3l\u00f3 eml\u00e9keket szerezzen. <br><br>Az izgalmas szabadt\u00e9ri tev\u00e9kenys\u00e9gekt\u0151l kezdve a helyi kulin\u00e1ris \u00e9lm\u00e9nyeken \u00e1t a pihentet\u0151 wellness-estekig mindenb\u0151l a legjobbat k\u00edn\u00e1ljuk, hogy megfeleljen az \u00d6n egyedi ig\u00e9nyeinek.<br><br>Szem\u00e9lyre szabott szolg\u00e1ltat\u00e1sokat ny\u00fajtunk, ahol minden kaland t\u00f6k\u00e9letesen illeszkedik az \u00d6n \u00e9rdekl\u0151d\u00e9si k\u00f6r\u00e9hez \u00e9s k\u00e9pess\u00e9gei szintj\u00e9hez.<br><br><strong>K\u00e9szen \u00e1ll arra, hogy vel\u00fcnk egy\u00fctt fedezze fel az \u00c9szaki-sarkvid\u00e9ket?<\/strong>  <\/p>\n<\/section><\/div>\n\n<div class=\"lazyblock-grid-gallery-26FUdL wp-block-lazyblock-grid-gallery\"><script src=\"https:\/\/alpha-one.com\/wp-content\/themes\/alphaonetheme\/js\/splide.min.js\"><\/script>\n<script src=\"https:\/\/alpha-one.com\/wp-content\/themes\/alphaonetheme\/js\/splide-extension-grid.min.js\"><\/script>\n<link href=\"https:\/\/alpha-one.com\/wp-content\/themes\/alphaonetheme\/css\/splide-core.min.css\" rel=\"stylesheet\" \/>\n<section class=\"content-gridgallery content-wrapper-boxed\">\n  <h2 class=\"content-headline\">A SZ\u00cdNFALAK M\u00d6G\u00d6TT<\/h2>\n\n  <div class=\"grid-gallery splide\" role=\"group\" aria-label=\"Splide Basic HTML Example\">\n        <div class=\"splide__track\">\n          <ul class=\"splide__list\">\n                        <li class=\"splide__slide\">\n              <img decoding=\"async\" loading=\"lazy\" src=\"https:\/\/alpha-one.com\/wp-content\/uploads\/2024\/05\/team05.jpg\" alt=\"\">\n            <\/li>\n                        <li class=\"splide__slide\">\n              <img decoding=\"async\" loading=\"lazy\" src=\"https:\/\/alpha-one.com\/wp-content\/uploads\/2024\/05\/team06.jpg\" alt=\"\">\n            <\/li>\n                        <li class=\"splide__slide\">\n              <img decoding=\"async\" loading=\"lazy\" src=\"https:\/\/alpha-one.com\/wp-content\/uploads\/2024\/05\/team04.jpg\" alt=\"\">\n            <\/li>\n                        <li class=\"splide__slide\">\n              <img decoding=\"async\" loading=\"lazy\" src=\"https:\/\/alpha-one.com\/wp-content\/uploads\/2024\/05\/team07.jpg\" alt=\"\">\n            <\/li>\n                        <li class=\"splide__slide\">\n              <img decoding=\"async\" loading=\"lazy\" src=\"https:\/\/alpha-one.com\/wp-content\/uploads\/2024\/05\/team03.jpg\" alt=\"\">\n            <\/li>\n                        <li class=\"splide__slide\">\n              <img decoding=\"async\" loading=\"lazy\" src=\"https:\/\/alpha-one.com\/wp-content\/uploads\/2024\/05\/team08.jpg\" alt=\"\">\n            <\/li>\n                        <li class=\"splide__slide\">\n              <img decoding=\"async\" loading=\"lazy\" src=\"https:\/\/alpha-one.com\/wp-content\/uploads\/2024\/05\/team09.jpg\" alt=\"\">\n            <\/li>\n                        <li class=\"splide__slide\">\n              <img decoding=\"async\" loading=\"lazy\" src=\"https:\/\/alpha-one.com\/wp-content\/uploads\/2024\/05\/team10.jpg\" alt=\"\">\n            <\/li>\n                        <li class=\"splide__slide\">\n              <img decoding=\"async\" loading=\"lazy\" src=\"https:\/\/alpha-one.com\/wp-content\/uploads\/2024\/05\/team12.jpg\" alt=\"\">\n            <\/li>\n                        <li class=\"splide__slide\">\n              <img decoding=\"async\" loading=\"lazy\" src=\"https:\/\/alpha-one.com\/wp-content\/uploads\/2024\/05\/team14.jpg\" alt=\"\">\n            <\/li>\n                        <li class=\"splide__slide\">\n              <img decoding=\"async\" loading=\"lazy\" src=\"https:\/\/alpha-one.com\/wp-content\/uploads\/2024\/05\/team13.jpg\" alt=\"\">\n            <\/li>\n                        <li class=\"splide__slide\">\n              <img decoding=\"async\" loading=\"lazy\" src=\"https:\/\/alpha-one.com\/wp-content\/uploads\/2024\/05\/team16.jpg\" alt=\"\">\n            <\/li>\n                        <li class=\"splide__slide\">\n              <img decoding=\"async\" loading=\"lazy\" src=\"https:\/\/alpha-one.com\/wp-content\/uploads\/2024\/05\/team17.jpg\" alt=\"\">\n            <\/li>\n                        <li class=\"splide__slide\">\n              <img decoding=\"async\" loading=\"lazy\" src=\"https:\/\/alpha-one.com\/wp-content\/uploads\/2024\/05\/team18.jpg\" alt=\"\">\n            <\/li>\n                        <li class=\"splide__slide\">\n              <img decoding=\"async\" loading=\"lazy\" src=\"https:\/\/alpha-one.com\/wp-content\/uploads\/2024\/05\/team15.jpg\" alt=\"\">\n            <\/li>\n                        <li class=\"splide__slide\">\n              <img decoding=\"async\" loading=\"lazy\" src=\"https:\/\/alpha-one.com\/wp-content\/uploads\/2024\/05\/team01.jpg\" alt=\"\">\n            <\/li>\n                        <li class=\"splide__slide\">\n              <img decoding=\"async\" loading=\"lazy\" src=\"https:\/\/alpha-one.com\/wp-content\/uploads\/2024\/05\/team02.jpg\" alt=\"\">\n            <\/li>\n                        <li class=\"splide__slide\">\n              <img decoding=\"async\" loading=\"lazy\" src=\"https:\/\/alpha-one.com\/wp-content\/uploads\/2024\/05\/team11.jpg\" alt=\"\">\n            <\/li>\n                      <\/ul>\n        <\/div>\n      <\/div>\n      <script>\n        new Splide( '.splide', {\n          autoplay: true,          type: 'loop',\n          interval: 5000,\n          grid: {\n        \t\trows: 3,\n        \t\tcols: 3,\n        \t\tgap : {\n        \t\t\trow: '1.5rem',\n        \t\t\tcol: '1.5rem',\n        \t\t},\n          },\n          breakpoints: {\n        \t\t700: {\n        \t\t\tgrid: false,\n        \t\t},\n          },\n        } ).mount( window.splide.Extensions );\n      <\/script>\n  \n  \n<\/section><\/div>\n\n<div class=\"lazyblock-textblock-with-headline-Z166Hz wp-block-lazyblock-textblock-with-headline\"><section class=\"textblock-headline content-wrapper-boxed\">\n\n  <h2 class=\"content-headline\"><\/h2>\n  <h3 class=\"content-subheadline\"><\/h3>\n  <p class=\"content-text\">\n      <\/p>\n<\/section><\/div>\n\n<\/div><\/div><div class=\"lazyblock-contact-floater-8HHst wp-block-lazyblock-contact-floater\"><div class=\"contact-floater\">\n  <a href=\"\/contact-us#first-section\">\n    <svg width=\"40\" height=\"40\" viewBox=\"0 0 40 40\" fill=\"none\" xmlns=\"http:\/\/www.w3.org\/2000\/svg\">\n<path d=\"M6.11125 33.3332C5.36125 33.3332 4.71069 33.0578 4.15958 32.5069C3.60875 31.9558 3.33333 31.3053 3.33333 30.5553V9.44442C3.33333 8.69442 3.60875 8.04387 4.15958 7.49275C4.71069 6.94192 5.36125 6.6665 6.11125 6.6665H33.8888C34.6388 6.6665 35.2893 6.94192 35.8404 7.49275C36.3912 8.04387 36.6667 8.69442 36.6667 9.44442V30.5553C36.6667 31.3053 36.3912 31.9558 35.8404 32.5069C35.2893 33.0578 34.6388 33.3332 33.8888 33.3332H6.11125ZM20 21.0553L6.11125 12.0832V30.5553H33.8888V12.0832L20 21.0553ZM20 18.2778L33.7779 9.44442H6.25L20 18.2778ZM6.11125 12.0832V9.44442V30.5553V12.0832Z\" \/>\n<\/svg>\n    <\/a>\n<\/div><\/div>","protected":false},"excerpt":{"rendered":"","protected":false},"author":1,"featured_media":0,"parent":0,"menu_order":0,"comment_status":"closed","ping_status":"closed","template":"generic.php","meta":{"footnotes":""},"class_list":["post-2698","page","type-page","status-publish","hentry"],"aioseo_notices":[],"_links":{"self":[{"href":"https:\/\/alpha-one.com\/hu\/wp-json\/wp\/v2\/pages\/2698","targetHints":{"allow":["GET"]}}],"collection":[{"href":"https:\/\/alpha-one.com\/hu\/wp-json\/wp\/v2\/pages"}],"about":[{"href":"https:\/\/alpha-one.com\/hu\/wp-json\/wp\/v2\/types\/page"}],"author":[{"embeddable":true,"href":"https:\/\/alpha-one.com\/hu\/wp-json\/wp\/v2\/users\/1"}],"replies":[{"embeddable":true,"href":"https:\/\/alpha-one.com\/hu\/wp-json\/wp\/v2\/comments?post=2698"}],"version-history":[{"count":2,"href":"https:\/\/alpha-one.com\/hu\/wp-json\/wp\/v2\/pages\/2698\/revisions"}],"predecessor-version":[{"id":2780,"href":"https:\/\/alpha-one.com\/hu\/wp-json\/wp\/v2\/pages\/2698\/revisions\/2780"}],"wp:attachment":[{"href":"https:\/\/alpha-one.com\/hu\/wp-json\/wp\/v2\/media?parent=2698"}],"curies":[{"name":"wp","href":"https:\/\/api.w.org\/{rel}","templated":true}]}}