{"id":2695,"date":"2024-05-17T09:27:14","date_gmt":"2024-05-17T09:27:14","guid":{"rendered":"https:\/\/alpha-one.com\/faq"},"modified":"2025-09-15T13:15:52","modified_gmt":"2025-09-15T13:15:52","slug":"faq","status":"publish","type":"page","link":"https:\/\/alpha-one.com\/it\/faq","title":{"rendered":"FAQ"},"content":{"rendered":"<div class=\"lazyblock-detail-header-rMbDK wp-block-lazyblock-detail-header\"><section class=\"hero hero-detail\" style=\"background-image:url('https:\/\/alpha-one.com\/wp-content\/uploads\/2024\/05\/header_faq_04.jpg')\">\n    <div class=\"content-wrapper\">\n      <div class=\"detail-header\">\n        <div class=\"subheadline\"><\/div>\n        <h1>FAQ<\/h1>  \n      <\/div>\n    <\/div>\n    <div class=\"hero-meta\">\n      <div class=\"hero-locationtag\">\n          <span class=\"hero-locationtag-name\">ARVIDSJAUR<\/span>\n          <span class=\"hero-locationtag-coords\">65\u00b0 36\u2032 N, 19\u00b0 11\u2032 O<\/span>\n        <\/div>\n        <a href=\"#first-section\" class=\"hero-scrollarrow\" aria-hidden=\"true\"><\/a>\n        \n    <\/div>\n  <\/section>\n<\/div><div class=\"lazyblock-content-back-wrapper-ZtRUSP wp-block-lazyblock-content-back-wrapper\" id=\"first-section\"><div class=\"content-back-wrapper\">\n\n<div class=\"lazyblock-textblock-with-headline-1YpbLp wp-block-lazyblock-textblock-with-headline\"><section class=\"textblock-headline content-wrapper-boxed\">\n\n  <h2 class=\"content-headline\">FAQ<\/h2>\n  <h3 class=\"content-subheadline\">Potete gi\u00e0 trovare alcune informazioni nelle nostre FAQ. <\/h3>\n  <p class=\"content-text\">\n    Se avete ancora domande, contattateci tramite il nostro modulo di contatto e vi<br>risponderemo il prima possibile.  <\/p>\n<\/section><\/div>\n\n<div class=\"lazyblock-faq-1bCiwt wp-block-lazyblock-faq\"><section class=\"content-faq content-wrapper-boxed\">\n  \n    \n  <details>\n  <summary>\n    Cosa devo mettere in valigia per un viaggio al nord?   <\/summary>\n  <p>\n    Gli inverni nella Lapponia svedese possono essere molto freddi, con temperature<br>fino a -30 \u00b0C. Un abbigliamento adeguato \u00e8 quindi molto importante. Per la vostra<br>avventura con noi, sarete equipaggiati con una tuta termica, stivali, guanti, casco eocchiali da sci. Oltre a questo equipaggiamento, vi consigliamo di portare con voi i<br>seguenti articoli:    <br><br>&#8211; Abbigliamento intimo da sci comodo e traspirante<br>&#8211; Berretto, sciarpa e guanti, scarponi invernali robusti e caldi<br>&#8211; Occhiali da sole e crema solare per il viso<br>&#8211; Occhiali di ricambio per portatori di occhiali e lenti a contatto<br>&#8211; Farmaci necessari<br>&#8211; Balsamo per le labbra e creme ricche per il viso e le mani (con le temperature<br>fredde, evitare creme a base d&#8217;acqua per il viso o le mani)<br>&#8211; Costume da bagno<br><br>Si consiglia inoltre di vestirsi a strati. Ogni strato ha una funzione specifica.<br>Contattate il nostro team se desiderate ricevere una lista pi\u00f9 dettagliata.     <\/p>\n  \n  <\/details>\n    \n  <details>\n  <summary>\n    Devo cambiare denaro in anticipo?  <\/summary>\n  <p>\n    La moneta nazionale svedese \u00e8 la corona svedese (SEK). L&#8217;hotel in cui alloggerete \u00e8<br>un hotel senza contanti, vale a dire che potrete pagare solo con carta di<br>debito\/credito. \u00c8 possibile pagare con carta anche in tutti gli altri negozi della citt\u00e0.\u200d   <\/p>\n  \n  <\/details>\n    \n  <details>\n  <summary>\n    Dove si svolgono esattamente le attivit\u00e0?  <\/summary>\n  <p>\n    Offriamo le nostre attivit\u00e0 proprie e collaboriamo con diversi fornitori professionali e<br>locali per offrire una gamma pi\u00f9 ampia di attivit\u00e0. L&#8217;hotel si trova ad Arvidsjaur (circa<br>100 km a sud del Circolo Polare Artico) e tutte le attivit\u00e0 iniziano nelle vicinanze.  <br><br>Mostra la posizione su <a href=\"https:\/\/maps.app.goo.gl\/HA4m7nyWrvrqvpT69\" data-type=\"link\" data-id=\"https:\/\/maps.app.goo.gl\/HA4m7nyWrvrqvpT69\" target=\"_blank\" rel=\"noreferrer noopener\">Google Maps<\/a>  <\/p>\n  \n  <\/details>\n    \n  <details>\n  <summary>\n    Posso guidare io la motoslitta o sono un passeggero?   <\/summary>\n  <p>\n    La maggior parte delle nostre motoslitte sono monoposto, quindi potete guidare la<br>vostra motoslitta. Se desiderate partecipare a un tour come passeggero, questo \u00e8<br>ovviamente possibile anche con le nostre motoslitte biposto. Fateci sapere quale<br>preferite.     <\/p>\n  \n  <\/details>\n    \n  <details>\n  <summary>\n    Posso partecipare a un tour con la mia slitta trainata da cani o devo sedermi su<br>una slitta come passeggero?  <\/summary>\n  <p>\n    Entrambe le cose sono possibili, a seconda del tour scelto e prenotato con noi. Per<br>ulteriori informazioni, contattateci direttamente.   <\/p>\n  \n  <\/details>\n    \n  <details>\n  <summary>\n    Non \u00e8 sempre buio?  <\/summary>\n  <p>\n    Gli orari dell&#8217;alba e del tramonto cambiano molto rapidamente (c&#8217;\u00e8 una differenza di<br>circa 8 minuti al giorno) e la fase crepuscolare \u00e8 pi\u00f9 lunga che in Germania, ad<br>esempio. Potete consultare gli orari esatti <a href=\"https:\/\/www.timeanddate.com\/sun\/@8132787\" target=\"_blank\" rel=\"noreferrer noopener\">qui.<\/a>  <\/p>\n  \n  <\/details>\n    \n  <details>\n  <summary>\n    Posso vedere l&#8217;aurora boreale?  <\/summary>\n  <p>\n    L&#8217;aurora boreale \u00e8 un fenomeno naturale, proprio come un cielo nuvoloso, il sole o la<br>neve, e quindi non pu\u00f2 essere garantita. Tuttavia, \u00e8 teoricamente possibile vederla<br>quando il cielo notturno \u00e8 sereno. Si consiglia sempre di controllare l&#8217;indice KP, un<br>valore che misura i disturbi geomagnetici causati dall&#8217;attivit\u00e0 solare. Pi\u00f9 alto \u00e8 l&#8217;indice,<br>maggiori sono le possibilit\u00e0 di vedere l&#8217;aurora boreale. Ad Arvidsjaur, le migliori<br>possibilit\u00e0 di vedere l&#8217;aurora boreale sono con un KP di almeno 3 (la scala va da 0 a<br>9).       <\/p>\n  \n  <\/details>\n    \n<\/section><\/div>\n\n<div class=\"lazyblock-contact-form-2srKBC wp-block-lazyblock-contact-form\"><section class=\"contact-form content-wrapper-boxed\">\n  \n  <div class=\"contact-form-content\">\n\n    <h2 class=\"content-headline\">Il nostro modulo di assistenza<\/h2>\n    <h3 class=\"content-subheadline\">Avete domande a cui non abbiamo ancora risposto nelle nostre FAQ? Utilizzate il<br>nostro modulo di assistenza e risponderemo alle vostre domande nel pi\u00f9 breve<br>tempo possibile.  <\/h3>\n    <p class=\"content-text\">\n          <\/p>\n    \n    \n<div class=\"wpcf7 no-js\" id=\"wpcf7-f2715-o1\" lang=\"it-IT\" dir=\"ltr\" data-wpcf7-id=\"2715\">\n<div class=\"screen-reader-response\"><p role=\"status\" aria-live=\"polite\" aria-atomic=\"true\"><\/p> <ul><\/ul><\/div>\n<form action=\"\/it\/wp-json\/wp\/v2\/pages\/2695#wpcf7-f2715-o1\" method=\"post\" class=\"wpcf7-form init\" aria-label=\"Modulo di contatto\" novalidate=\"novalidate\" data-status=\"init\">\n<fieldset class=\"hidden-fields-container\"><input type=\"hidden\" name=\"_wpcf7\" value=\"2715\" \/><input type=\"hidden\" name=\"_wpcf7_version\" value=\"6.1.5\" \/><input type=\"hidden\" name=\"_wpcf7_locale\" value=\"it_IT\" \/><input type=\"hidden\" name=\"_wpcf7_unit_tag\" value=\"wpcf7-f2715-o1\" \/><input type=\"hidden\" name=\"_wpcf7_container_post\" value=\"0\" \/><input type=\"hidden\" name=\"_wpcf7_posted_data_hash\" value=\"\" \/>\n<\/fieldset>\n<p><label> Nome<br \/>\n<span class=\"wpcf7-form-control-wrap\" data-name=\"your-name\"><input size=\"40\" maxlength=\"400\" class=\"wpcf7-form-control wpcf7-text wpcf7-validates-as-required\" autocomplete=\"name\" aria-required=\"true\" aria-invalid=\"false\" value=\"\" type=\"text\" name=\"your-name\" \/><\/span> <\/label>\n<\/p>\n<p><label> Indirizzo mail<br \/>\n<span class=\"wpcf7-form-control-wrap\" data-name=\"your-email\"><input size=\"40\" maxlength=\"400\" class=\"wpcf7-form-control wpcf7-email wpcf7-validates-as-required wpcf7-text wpcf7-validates-as-email\" autocomplete=\"email\" aria-required=\"true\" aria-invalid=\"false\" value=\"\" type=\"email\" name=\"your-email\" \/><\/span> <\/label>\n<\/p>\n<p><label> Messaggio<br \/>\n<span class=\"wpcf7-form-control-wrap\" data-name=\"your-message\"><textarea cols=\"40\" rows=\"10\" maxlength=\"2000\" class=\"wpcf7-form-control wpcf7-textarea\" aria-invalid=\"false\" name=\"your-message\"><\/textarea><\/span> <\/label>\n<\/p>\n<p><span class=\"wpcf7-form-control-wrap\" data-name=\"checkbox-78\"><span class=\"wpcf7-form-control wpcf7-checkbox wpcf7-validates-as-required\"><span class=\"wpcf7-list-item first last\"><label><input type=\"checkbox\" name=\"checkbox-78[]\" value=\"Ho letto l&#039;informativa sulla privacy e l\u2019accetto.\" \/><span class=\"wpcf7-list-item-label\">Ho letto l&#039;informativa sulla privacy e l\u2019accetto.<\/span><\/label><\/span><\/span><\/span>\n<\/p>\n<p><input class=\"wpcf7-form-control wpcf7-submit has-spinner\" type=\"submit\" value=\"Inviare\" \/>\n<\/p><div class=\"wpcf7-response-output\" aria-hidden=\"true\"><\/div>\n<\/form>\n<\/div>\n\n  <\/div>\n<\/section>\n\n<\/div>\n\n<\/div><\/div><div class=\"lazyblock-contact-floater-Z1zVD8y wp-block-lazyblock-contact-floater\"><div class=\"contact-floater\">\n  <a href=\"\/contact-us#first-section\">\n    <svg width=\"40\" height=\"40\" viewBox=\"0 0 40 40\" fill=\"none\" xmlns=\"http:\/\/www.w3.org\/2000\/svg\">\n<path d=\"M6.11125 33.3332C5.36125 33.3332 4.71069 33.0578 4.15958 32.5069C3.60875 31.9558 3.33333 31.3053 3.33333 30.5553V9.44442C3.33333 8.69442 3.60875 8.04387 4.15958 7.49275C4.71069 6.94192 5.36125 6.6665 6.11125 6.6665H33.8888C34.6388 6.6665 35.2893 6.94192 35.8404 7.49275C36.3912 8.04387 36.6667 8.69442 36.6667 9.44442V30.5553C36.6667 31.3053 36.3912 31.9558 35.8404 32.5069C35.2893 33.0578 34.6388 33.3332 33.8888 33.3332H6.11125ZM20 21.0553L6.11125 12.0832V30.5553H33.8888V12.0832L20 21.0553ZM20 18.2778L33.7779 9.44442H6.25L20 18.2778ZM6.11125 12.0832V9.44442V30.5553V12.0832Z\" \/>\n<\/svg>\n    <\/a>\n<\/div><\/div>","protected":false},"excerpt":{"rendered":"","protected":false},"author":1,"featured_media":0,"parent":0,"menu_order":0,"comment_status":"closed","ping_status":"closed","template":"generic.php","meta":{"footnotes":""},"class_list":["post-2695","page","type-page","status-publish","hentry"],"aioseo_notices":[],"_links":{"self":[{"href":"https:\/\/alpha-one.com\/it\/wp-json\/wp\/v2\/pages\/2695","targetHints":{"allow":["GET"]}}],"collection":[{"href":"https:\/\/alpha-one.com\/it\/wp-json\/wp\/v2\/pages"}],"about":[{"href":"https:\/\/alpha-one.com\/it\/wp-json\/wp\/v2\/types\/page"}],"author":[{"embeddable":true,"href":"https:\/\/alpha-one.com\/it\/wp-json\/wp\/v2\/users\/1"}],"replies":[{"embeddable":true,"href":"https:\/\/alpha-one.com\/it\/wp-json\/wp\/v2\/comments?post=2695"}],"version-history":[{"count":2,"href":"https:\/\/alpha-one.com\/it\/wp-json\/wp\/v2\/pages\/2695\/revisions"}],"predecessor-version":[{"id":2743,"href":"https:\/\/alpha-one.com\/it\/wp-json\/wp\/v2\/pages\/2695\/revisions\/2743"}],"wp:attachment":[{"href":"https:\/\/alpha-one.com\/it\/wp-json\/wp\/v2\/media?parent=2695"}],"curies":[{"name":"wp","href":"https:\/\/api.w.org\/{rel}","templated":true}]}}