{"id":2227,"date":"2024-05-21T08:03:51","date_gmt":"2024-05-21T08:03:51","guid":{"rendered":"https:\/\/alpha-one.com\/legal-notice"},"modified":"2024-09-24T12:18:36","modified_gmt":"2024-09-24T12:18:36","slug":"legal-notice","status":"publish","type":"page","link":"https:\/\/alpha-one.com\/pl\/legal-notice","title":{"rendered":"Nota prawna"},"content":{"rendered":"\n<p>Odpowiedzialny za tre\u015b\u0107:<\/p>\n\n<p><strong>SX Consulting Group GmbH<\/strong><br\/><strong>Herzogstr.\n23 A <\/strong><br\/><strong>80803 Monachium<\/strong><\/p>\n\n<p><strong>Tel: +49 (0) 89 28 72 460-0<\/strong><br\/><strong>Faks: +49 (0) 89 28 72 460-29<\/strong><\/p>\n\n<p><strong>info@sx-consulting.com<\/strong><br\/><strong>sx-consulting.com<\/strong><\/p>\n\n<p><br\/>Dyrektorzy zarz\u0105dzaj\u0105cy upowa\u017cnieni do reprezentowania firmy:<br\/><strong>Tobias St\u00f6hr<\/strong><\/p>\n\n<p>Rejestr handlowy:<br\/>S\u0105d lokalny w Monachium: HRB 198616<br\/>NIP: DE283222306<\/p>\n\n<p><\/p>\n\n<p><strong>Zastrze\u017cenie<\/strong><\/p>\n\n<p><strong>Odpowiedzialno\u015b\u0107 za tre\u015b\u0107<\/strong><br\/>Tre\u015b\u0107 naszej strony internetowej zosta\u0142a stworzona z najwy\u017csz\u0105 staranno\u015bci\u0105.\nNie mo\u017cemy jednak przyj\u0105\u0107 \u017cadnej odpowiedzialno\u015bci za dok\u0142adno\u015b\u0107, kompletno\u015b\u0107 i aktualno\u015b\u0107 tre\u015bci.\nJako dostawca us\u0142ug jeste\u015bmy odpowiedzialni za w\u0142asne tre\u015bci na tych stronach zgodnie z \u00a7 7 (1) TMG (niemiecka ustawa o telemediach) i og\u00f3lnymi przepisami prawa.\nZgodnie z \u00a7\u00a7 8 &#8211; 10 TMG, jako us\u0142ugodawca nie jeste\u015bmy jednak zobowi\u0105zani do monitorowania przesy\u0142anych lub przechowywanych informacji os\u00f3b trzecich ani do badania okoliczno\u015bci wskazuj\u0105cych na nielegaln\u0105 dzia\u0142alno\u015b\u0107.   <br\/>  Nie ma to wp\u0142ywu na zobowi\u0105zania do usuni\u0119cia lub zablokowania korzystania z informacji zgodnie z og\u00f3lnymi przepisami prawa.\nOdpowiedzialno\u015b\u0107 w tym zakresie jest jednak mo\u017cliwa dopiero od momentu, w kt\u00f3rym dowiemy si\u0119 o konkretnym naruszeniu.\nJe\u015bli dowiemy si\u0119 o takich naruszeniach, niezw\u0142ocznie usuniemy odpowiednie tre\u015bci.  <\/p>\n\n<p><strong><br\/>Odpowiedzialno\u015b\u0107 za linki<\/strong><br\/>Nasza strona internetowa zawiera linki do zewn\u0119trznych stron internetowych os\u00f3b trzecich, na kt\u00f3rych tre\u015b\u0107 nie mamy wp\u0142ywu.\nW zwi\u0105zku z tym nie mo\u017cemy ponosi\u0107 \u017cadnej odpowiedzialno\u015bci za tre\u015bci stron trzecich.\nOdpowiedni dostawca lub operator stron jest zawsze odpowiedzialny za tre\u015b\u0107 stron, do kt\u00f3rych prowadz\u0105 linki.\nW momencie tworzenia link\u00f3w zewn\u0119trznych nie stwierdzono \u017cadnych narusze\u0144 prawa.   <br\/>  Sta\u0142e monitorowanie tre\u015bci stron, do kt\u00f3rych prowadz\u0105 linki, nie jest jednak uzasadnione bez konkretnych dowod\u00f3w naruszenia prawa.\nJe\u015bli dowiemy si\u0119 o jakichkolwiek naruszeniach prawa, natychmiast usuniemy odpowiednie linki zewn\u0119trzne. <\/p>\n\n<p><strong><br\/>Prawa autorskie<\/strong><br\/>Tre\u015bci i dzie\u0142a stworzone przez operator\u00f3w witryn na tych stronach podlegaj\u0105 niemieckiemu prawu autorskiemu.\nPowielanie, przetwarzanie, rozpowszechnianie i wszelkie formy komercjalizacji takich materia\u0142\u00f3w wykraczaj\u0105ce poza zakres prawa autorskiego wymagaj\u0105 uprzedniej pisemnej zgody ich autora lub tw\u00f3rcy.\nPobieranie i kopiowanie tej strony jest dozwolone wy\u0142\u0105cznie do prywatnego, niekomercyjnego u\u017cytku.  <br\/>  O ile tre\u015bci na tej stronie nie zosta\u0142y stworzone przez operatora, prawa autorskie os\u00f3b trzecich s\u0105 przestrzegane.\nZawsze staramy si\u0119 identyfikowa\u0107 takie tre\u015bci jako tre\u015bci os\u00f3b trzecich.\nW przypadku, gdy pomimo starannej pracy z naszej strony, dowiesz si\u0119 o naruszeniu praw autorskich, poinformuj nas o tym, aby\u015bmy mogli natychmiast zorganizowa\u0107 usuni\u0119cie tych tre\u015bci.\nJe\u015bli dowiemy si\u0119 o jakichkolwiek naruszeniach, niezw\u0142ocznie usuniemy takie tre\u015bci.   <\/p>\n\n<p><strong><br\/>Inne<\/strong><\/p>\n\n<p><strong>Wykorzystanie naszych danych kontaktowych<\/strong><br\/>Niniejszym wyra\u017anie sprzeciwiamy si\u0119 wykorzystywaniu danych kontaktowych opublikowanych w ramach obowi\u0105zku nadruku przez osoby trzecie do wysy\u0142ania niezam\u00f3wionych reklam i informacji.\nOperatorzy tej witryny wyra\u017anie zastrzegaj\u0105 sobie prawo do podj\u0119cia krok\u00f3w prawnych w przypadku niezam\u00f3wionego wysy\u0142ania informacji reklamowych, takich jak spam. <\/p>\n\n<p><strong><br\/>Nota prawna<\/strong><br\/>Ze wzgl\u0119du na charakterystyk\u0119 techniczn\u0105 Internetu nie mo\u017cna zagwarantowa\u0107 autentyczno\u015bci, dok\u0142adno\u015bci i kompletno\u015bci informacji udost\u0119pnianych w Internecie.\nNie udziela si\u0119 r\u00f3wnie\u017c \u017cadnej gwarancji na dost\u0119pno\u015b\u0107 lub dzia\u0142anie tej strony internetowej i jej zawarto\u015bci. <br\/>  Wszelka odpowiedzialno\u015b\u0107 za bezpo\u015brednie, po\u015brednie lub inne szkody, niezale\u017cnie od ich przyczyn, wynikaj\u0105ce z wykorzystania lub niedost\u0119pno\u015bci danych i informacji na tej stronie internetowej jest wykluczona w zakresie dozwolonym przez prawo.<\/p>\n\n<p>Imprint &#8211; SX Consulting Group GmbH, Status: 22.05.2024<\/p>\n","protected":false},"excerpt":{"rendered":"<p>Odpowiedzialny za tre\u015b\u0107: SX Consulting Group GmbHHerzogstr. 23 A 80803 Monachium Tel: +49 (0) 89 28 72 460-0Faks: +49 (0) 89 28 72 460-29 info@sx-consulting.comsx-consulting.com Dyrektorzy zarz\u0105dzaj\u0105cy upowa\u017cnieni do reprezentowania firmy:Tobias St\u00f6hr Rejestr handlowy:S\u0105d lokalny w Monachium: HRB 198616NIP: DE283222306 Zastrze\u017cenie Odpowiedzialno\u015b\u0107 za tre\u015b\u0107Tre\u015b\u0107 naszej strony internetowej zosta\u0142a stworzona z najwy\u017csz\u0105 staranno\u015bci\u0105. Nie mo\u017cemy jednak [&hellip;]<\/p>\n","protected":false},"author":1,"featured_media":0,"parent":0,"menu_order":0,"comment_status":"closed","ping_status":"closed","template":"textpage.php","meta":{"footnotes":""},"class_list":["post-2227","page","type-page","status-publish","hentry"],"aioseo_notices":[],"_links":{"self":[{"href":"https:\/\/alpha-one.com\/pl\/wp-json\/wp\/v2\/pages\/2227","targetHints":{"allow":["GET"]}}],"collection":[{"href":"https:\/\/alpha-one.com\/pl\/wp-json\/wp\/v2\/pages"}],"about":[{"href":"https:\/\/alpha-one.com\/pl\/wp-json\/wp\/v2\/types\/page"}],"author":[{"embeddable":true,"href":"https:\/\/alpha-one.com\/pl\/wp-json\/wp\/v2\/users\/1"}],"replies":[{"embeddable":true,"href":"https:\/\/alpha-one.com\/pl\/wp-json\/wp\/v2\/comments?post=2227"}],"version-history":[{"count":3,"href":"https:\/\/alpha-one.com\/pl\/wp-json\/wp\/v2\/pages\/2227\/revisions"}],"predecessor-version":[{"id":2438,"href":"https:\/\/alpha-one.com\/pl\/wp-json\/wp\/v2\/pages\/2227\/revisions\/2438"}],"wp:attachment":[{"href":"https:\/\/alpha-one.com\/pl\/wp-json\/wp\/v2\/media?parent=2227"}],"curies":[{"name":"wp","href":"https:\/\/api.w.org\/{rel}","templated":true}]}}