{"id":2235,"date":"2024-05-17T09:27:14","date_gmt":"2024-05-17T09:27:14","guid":{"rendered":"https:\/\/alpha-one.com\/faq"},"modified":"2025-09-11T09:09:20","modified_gmt":"2025-09-11T09:09:20","slug":"faq","status":"publish","type":"page","link":"https:\/\/alpha-one.com\/pl\/faq","title":{"rendered":"FAQ"},"content":{"rendered":"<div class=\"lazyblock-detail-header-rMbDK wp-block-lazyblock-detail-header\"><section class=\"hero hero-detail\" style=\"background-image:url('https:\/\/alpha-one.com\/wp-content\/uploads\/2024\/05\/header_faq_04.jpg')\">\n    <div class=\"content-wrapper\">\n      <div class=\"detail-header\">\n        <div class=\"subheadline\"><\/div>\n        <h1>FAQ<\/h1>  \n      <\/div>\n    <\/div>\n    <div class=\"hero-meta\">\n      <div class=\"hero-locationtag\">\n          <span class=\"hero-locationtag-name\">ARVIDSJAUR<\/span>\n          <span class=\"hero-locationtag-coords\">65\u00b0 36\u2032 N, 19\u00b0 11\u2032 O<\/span>\n        <\/div>\n        <a href=\"#first-section\" class=\"hero-scrollarrow\" aria-hidden=\"true\"><\/a>\n        \n    <\/div>\n  <\/section>\n<\/div><div class=\"lazyblock-content-back-wrapper-ZtRUSP wp-block-lazyblock-content-back-wrapper\" id=\"first-section\"><div class=\"content-back-wrapper\">\n\n<div class=\"lazyblock-textblock-with-headline-1YpbLp wp-block-lazyblock-textblock-with-headline\"><section class=\"textblock-headline content-wrapper-boxed\">\n\n  <h2 class=\"content-headline\">FAQ<\/h2>\n  <h3 class=\"content-subheadline\">Ju\u017c teraz mo\u017cesz znale\u017a\u0107 odpowiednie informacje w naszych FAQ. <\/h3>\n  <p class=\"content-text\">\n    Je\u015bli masz jeszcze pytania, prosimy skontaktuj si\u0119 z nami za pomoc\u0105 naszego formularza serwisowego, a odpowiemy jak najszybciej.  <\/p>\n<\/section><\/div>\n\n<div class=\"lazyblock-faq-1bCiwt wp-block-lazyblock-faq\"><section class=\"content-faq content-wrapper-boxed\">\n  \n    \n  <details>\n  <summary>\n    Co powinienem spakowa\u0107 na wyjazd na p\u00f3\u0142noc?   <\/summary>\n  <p>\n    Zimy w szwedzkiej Laplandii mog\u0105 by\u0107 bardzo zimne, z temperaturami dochodz\u0105cymi do -30\u00b0C. Dlatego odpowiednia odzie\u017c jest absolutnie niezb\u0119dna. Podczas pobytu u nas zostaniesz wyposa\u017cony w termiczny kombinezon, buty, r\u0119kawice, kask i gogle. Opr\u00f3cz dostarczonego sprz\u0119tu, sugerujemy zabranie ze sob\u0105 nast\u0119puj\u0105cych niezb\u0119dnych rzeczy:    <br><br>\u2013 Ciep\u0142a i oddychaj\u0105ca bielizna narciarska<br>\u2013 Czapka, szalik i w\u0142asne r\u0119kawice oraz ciep\u0142e buty zimowe<br>\u2013 Okulary przeciws\u0142oneczne i krem przeciws\u0142oneczny do twarzy<br>\u2013 Zapasowe okulary dla os\u00f3b nosz\u0105cych okulary i soczewki kontaktowe<br>\u2013 Niezb\u0119dne leki<br>\u2013 Balsam do ust i t\u0142uste kremy do twarzy i r\u0105k (unikaj nawil\u017caczy na bazie wody do twarzy, je\u015bli temperatury s\u0105 ekstremalnie niskie)<br>\u2013 Str\u00f3j k\u0105pielowy<br><br>Zalecamy r\u00f3wnie\u017c zasad\u0119 ubierania si\u0119 na cebulk\u0119. Ka\u017cda warstwa pe\u0142ni okre\u015blon\u0105 funkcj\u0119. Prosz\u0119 zapyta\u0107 nasz zesp\u00f3\u0142, je\u015bli potrzebujesz bardziej szczeg\u00f3\u0142owej listy pakowania.     <\/p>\n  \n  <\/details>\n    \n  <details>\n  <summary>\n    Czy musz\u0119 wymieni\u0107 pieni\u0105dze wcze\u015bniej?  <\/summary>\n  <p>\n    Lokaln\u0105 walut\u0105 w Szwecji jest korona szwedzka (SEK). Hotel, w kt\u00f3rym si\u0119 zatrzymujesz, jest hotelem bezgot\u00f3wkowym, co oznacza, \u017ce mo\u017cesz p\u0142aci\u0107 tylko kart\u0105 EC \/ Debetow\u0105 \/ Kredytow\u0105. Mo\u017cesz r\u00f3wnie\u017c p\u0142aci\u0107 kart\u0105 we wszystkich innych sklepach w mie\u015bcie.   <\/p>\n  \n  <\/details>\n    \n  <details>\n  <summary>\n    Gdzie dok\u0142adnie odbywaj\u0105 si\u0119 aktywno\u015bci?  <\/summary>\n  <p>\n    Oferujemy nasze w\u0142asne aktywno\u015bci i wsp\u00f3\u0142pracujemy z r\u00f3\u017cnymi profesjonalnymi lokalnymi dostawcami, aby zapewni\u0107 szerszy zakres aktywno\u015bci. Hotel znajduje si\u0119 w Arvidsjaur, a wszystkie aktywno\u015bci zaczynaj\u0105 si\u0119 w pobli\u017cu, zaledwie oko\u0142o 100 km od ko\u0142a podbiegunowego.  <br><br>Zobacz lokalizacj\u0119 na<a href=\"https:\/\/maps.app.goo.gl\/HA4m7nyWrvrqvpT69\" data-type=\"link\" data-id=\"https:\/\/maps.app.goo.gl\/HA4m7nyWrvrqvpT69\" target=\"_blank\" rel=\"noreferrer noopener\"> Google Maps<\/a>  <\/p>\n  \n  <\/details>\n    \n  <details>\n  <summary>\n    Czy prowadz\u0119 w\u0142asny skuter \u015bnie\u017cny, czy jestem pasa\u017cerem?   <\/summary>\n  <p>\n    Wi\u0119kszo\u015b\u0107 naszych skuter\u00f3w \u015bnie\u017cnych jest jednoosobowa, wi\u0119c b\u0119dziesz m\u00f3g\u0142 prowadzi\u0107 w\u0142asny skuter \u015bnie\u017cny. Je\u015bli chcesz bra\u0107 udzia\u0142 w wycieczce jako pasa\u017cer, jest to r\u00f3wnie\u017c mo\u017cliwe z naszymi skuterami dwuosobowymi. Prosz\u0119 daj nam zna\u0107, co preferujesz.     <\/p>\n  \n  <\/details>\n    \n  <details>\n  <summary>\n    Czy mog\u0119 jecha\u0107 na wycieczk\u0119 z w\u0142asnym zaprz\u0119giem ps\u00f3w, czy siedz\u0119 na saniach jako pasa\u017cer?  <\/summary>\n  <p>\n    Obie opcje s\u0105 mo\u017cliwe, w zale\u017cno\u015bci od wycieczki, kt\u00f3r\u0105 wybierzesz i zarezerwujesz. Aby uzyska\u0107 wi\u0119cej informacji, prosimy o bezpo\u015bredni kontakt z nami.   <\/p>\n  \n  <\/details>\n    \n  <details>\n  <summary>\n    Czy nie jest ciemno przez ca\u0142y czas?  <\/summary>\n  <p>\n    Czasy wschodu i zachodu s\u0142o\u0144ca zmieniaj\u0105 si\u0119 bardzo szybko (jest oko\u0142o 8 minut r\u00f3\u017cnicy w czasie dnia codziennie), a zmierzch wydaje si\u0119 d\u0142u\u017cszy ni\u017c np. w Polsce. <a href=\"https:\/\/www.timeanddate.com\/sun\/@8132787\" target=\"_blank\" rel=\"noreferrer noopener\">Tutaj<\/a> mo\u017cesz sprawdzi\u0107 dok\u0142adne czasy.  <\/p>\n  \n  <\/details>\n    \n  <details>\n  <summary>\n    Czy mog\u0119 zobaczy\u0107 zorz\u0119 polarn\u0105?  <\/summary>\n  <p>\n    Zorza polarna, znana r\u00f3wnie\u017c jako Aurora Borealis, jest zjawiskiem naturalnym, podobnie jak pochmurne niebo, s\u0142o\u0144ce czy \u015bnieg i nie mo\u017cna jej zagwarantowa\u0107. Jednak teoretycznie mo\u017cliwe jest jej zobaczenie, gdy niebo jest czyste. Zawsze zalecamy sprawdzenie indeksu KP, warto\u015bci mierz\u0105cej geomagnetyczne zak\u0142\u00f3cenia spowodowane aktywno\u015bci\u0105 s\u0142oneczn\u0105. Im wy\u017cszy indeks, tym lepsze s\u0105 szanse na zobaczenie zorzy polarnej. W Arvidsjaur najlepiej widoczna jest zorza polarna przy KP wynosz\u0105cym co najmniej 3 (skala wynosi od 0 do 9).       <\/p>\n  \n  <\/details>\n    \n<\/section><\/div>\n\n<div class=\"lazyblock-contact-form-2srKBC wp-block-lazyblock-contact-form\"><section class=\"contact-form content-wrapper-boxed\">\n  \n  <div class=\"contact-form-content\">\n\n    <h2 class=\"content-headline\">Nasz formularz serwisowy<\/h2>\n    <h3 class=\"content-subheadline\">Czy s\u0105 pytania, kt\u00f3re nie zosta\u0142y uwzgl\u0119dnione w naszych FAQ? W takim razie prosimy skorzysta\u0107 z naszego formularza serwisowego, a odpowiemy na Twoje pytania jak najszybciej.  <\/h3>\n    <p class=\"content-text\">\n          <\/p>\n    \n    \n<div class=\"wpcf7 no-js\" id=\"wpcf7-f2251-o1\" lang=\"pl-PL\" dir=\"ltr\" data-wpcf7-id=\"2251\">\n<div class=\"screen-reader-response\"><p role=\"status\" aria-live=\"polite\" aria-atomic=\"true\"><\/p> <ul><\/ul><\/div>\n<form action=\"\/pl\/wp-json\/wp\/v2\/pages\/2235#wpcf7-f2251-o1\" method=\"post\" class=\"wpcf7-form init\" aria-label=\"Formularz kontaktowy\" novalidate=\"novalidate\" data-status=\"init\">\n<fieldset class=\"hidden-fields-container\"><input type=\"hidden\" name=\"_wpcf7\" value=\"2251\" \/><input type=\"hidden\" name=\"_wpcf7_version\" value=\"6.1.5\" \/><input type=\"hidden\" name=\"_wpcf7_locale\" value=\"pl_PL\" \/><input type=\"hidden\" name=\"_wpcf7_unit_tag\" value=\"wpcf7-f2251-o1\" \/><input type=\"hidden\" name=\"_wpcf7_container_post\" value=\"0\" \/><input type=\"hidden\" name=\"_wpcf7_posted_data_hash\" value=\"\" \/>\n<\/fieldset>\n<p><label> Nazwa <span class=\"wpcf7-form-control-wrap\" data-name=\"your-name\"><input size=\"40\" maxlength=\"400\" class=\"wpcf7-form-control wpcf7-text wpcf7-validates-as-required\" autocomplete=\"name\" aria-required=\"true\" aria-invalid=\"false\" value=\"\" type=\"text\" name=\"your-name\" \/><\/span> <\/label>\n<\/p>\n<p><label> Adres e-mail <span class=\"wpcf7-form-control-wrap\" data-name=\"your-email\"><input size=\"40\" maxlength=\"400\" class=\"wpcf7-form-control wpcf7-email wpcf7-validates-as-required wpcf7-text wpcf7-validates-as-email\" autocomplete=\"email\" aria-required=\"true\" aria-invalid=\"false\" value=\"\" type=\"email\" name=\"your-email\" \/><\/span> <\/label>\n<\/p>\n<p><label> Wiadomo\u015b\u0107 <span class=\"wpcf7-form-control-wrap\" data-name=\"your-message\"><textarea cols=\"40\" rows=\"10\" maxlength=\"2000\" class=\"wpcf7-form-control wpcf7-textarea\" aria-invalid=\"false\" name=\"your-message\"><\/textarea><\/span> <\/label>\n<\/p>\n<p><span class=\"wpcf7-form-control-wrap\" data-name=\"checkbox-78\"><span class=\"wpcf7-form-control wpcf7-checkbox wpcf7-validates-as-required\"><span class=\"wpcf7-list-item first last\"><label><input type=\"checkbox\" name=\"checkbox-78[]\" value=\"Zapozna\u0142em si\u0119 z polityk\u0105 prywatno\u015bci i akceptuj\u0119 j\u0105.\" \/><span class=\"wpcf7-list-item-label\">Zapozna\u0142em si\u0119 z polityk\u0105 prywatno\u015bci i akceptuj\u0119 j\u0105.<\/span><\/label><\/span><\/span><\/span>\n<\/p>\n<p><input class=\"wpcf7-form-control wpcf7-submit has-spinner\" type=\"submit\" value=\"Wy\u015blij\" \/>\n<\/p><div class=\"wpcf7-response-output\" aria-hidden=\"true\"><\/div>\n<\/form>\n<\/div>\n\n  <\/div>\n<\/section>\n\n<\/div>\n\n<\/div><\/div><div class=\"lazyblock-contact-floater-Z1zVD8y wp-block-lazyblock-contact-floater\"><div class=\"contact-floater\">\n  <a href=\"\/contact-us#first-section\">\n    <svg width=\"40\" height=\"40\" viewBox=\"0 0 40 40\" fill=\"none\" xmlns=\"http:\/\/www.w3.org\/2000\/svg\">\n<path d=\"M6.11125 33.3332C5.36125 33.3332 4.71069 33.0578 4.15958 32.5069C3.60875 31.9558 3.33333 31.3053 3.33333 30.5553V9.44442C3.33333 8.69442 3.60875 8.04387 4.15958 7.49275C4.71069 6.94192 5.36125 6.6665 6.11125 6.6665H33.8888C34.6388 6.6665 35.2893 6.94192 35.8404 7.49275C36.3912 8.04387 36.6667 8.69442 36.6667 9.44442V30.5553C36.6667 31.3053 36.3912 31.9558 35.8404 32.5069C35.2893 33.0578 34.6388 33.3332 33.8888 33.3332H6.11125ZM20 21.0553L6.11125 12.0832V30.5553H33.8888V12.0832L20 21.0553ZM20 18.2778L33.7779 9.44442H6.25L20 18.2778ZM6.11125 12.0832V9.44442V30.5553V12.0832Z\" \/>\n<\/svg>\n    <\/a>\n<\/div><\/div>","protected":false},"excerpt":{"rendered":"","protected":false},"author":1,"featured_media":0,"parent":0,"menu_order":0,"comment_status":"closed","ping_status":"closed","template":"generic.php","meta":{"footnotes":""},"class_list":["post-2235","page","type-page","status-publish","hentry"],"aioseo_notices":[],"_links":{"self":[{"href":"https:\/\/alpha-one.com\/pl\/wp-json\/wp\/v2\/pages\/2235","targetHints":{"allow":["GET"]}}],"collection":[{"href":"https:\/\/alpha-one.com\/pl\/wp-json\/wp\/v2\/pages"}],"about":[{"href":"https:\/\/alpha-one.com\/pl\/wp-json\/wp\/v2\/types\/page"}],"author":[{"embeddable":true,"href":"https:\/\/alpha-one.com\/pl\/wp-json\/wp\/v2\/users\/1"}],"replies":[{"embeddable":true,"href":"https:\/\/alpha-one.com\/pl\/wp-json\/wp\/v2\/comments?post=2235"}],"version-history":[{"count":2,"href":"https:\/\/alpha-one.com\/pl\/wp-json\/wp\/v2\/pages\/2235\/revisions"}],"predecessor-version":[{"id":2433,"href":"https:\/\/alpha-one.com\/pl\/wp-json\/wp\/v2\/pages\/2235\/revisions\/2433"}],"wp:attachment":[{"href":"https:\/\/alpha-one.com\/pl\/wp-json\/wp\/v2\/media?parent=2235"}],"curies":[{"name":"wp","href":"https:\/\/api.w.org\/{rel}","templated":true}]}}