{"id":2236,"date":"2024-05-17T09:27:14","date_gmt":"2024-05-17T09:27:14","guid":{"rendered":"https:\/\/alpha-one.com\/faq"},"modified":"2025-09-11T09:09:21","modified_gmt":"2025-09-11T09:09:21","slug":"faq","status":"publish","type":"page","link":"https:\/\/alpha-one.com\/sv\/faq","title":{"rendered":"VANLIGA FR\u00c5GOR"},"content":{"rendered":"<div class=\"lazyblock-detail-header-rMbDK wp-block-lazyblock-detail-header\"><section class=\"hero hero-detail\" style=\"background-image:url('https:\/\/alpha-one.com\/wp-content\/uploads\/2024\/05\/header_faq_04.jpg')\">\n    <div class=\"content-wrapper\">\n      <div class=\"detail-header\">\n        <div class=\"subheadline\"><\/div>\n        <h1>VANLIGA FR\u00c5GOR<\/h1>  \n      <\/div>\n    <\/div>\n    <div class=\"hero-meta\">\n      <div class=\"hero-locationtag\">\n          <span class=\"hero-locationtag-name\">ARVIDSJAUR<\/span>\n          <span class=\"hero-locationtag-coords\">65\u00b0 36\u2032 N, 19\u00b0 11\u2032 O<\/span>\n        <\/div>\n        <a href=\"#first-section\" class=\"hero-scrollarrow\" aria-hidden=\"true\"><\/a>\n        \n    <\/div>\n  <\/section>\n<\/div><div class=\"lazyblock-content-back-wrapper-ZtRUSP wp-block-lazyblock-content-back-wrapper\" id=\"first-section\"><div class=\"content-back-wrapper\">\n\n<div class=\"lazyblock-textblock-with-headline-1YpbLp wp-block-lazyblock-textblock-with-headline\"><section class=\"textblock-headline content-wrapper-boxed\">\n\n  <h2 class=\"content-headline\">VANLIGA FR\u00c5GOR<\/h2>\n  <h3 class=\"content-subheadline\">Du kan redan hitta relevant information i v\u00e5ra vanliga fr\u00e5gor. <\/h3>\n  <p class=\"content-text\">\n    Om du fortfarande har fr\u00e5gor, v\u00e4nligen kontakta oss via v\u00e5rt serviceformul\u00e4r s\u00e5 svarar vi dig s\u00e5 snart som m\u00f6jligt.  <\/p>\n<\/section><\/div>\n\n<div class=\"lazyblock-faq-1bCiwt wp-block-lazyblock-faq\"><section class=\"content-faq content-wrapper-boxed\">\n  \n    \n  <details>\n  <summary>\n    Vad beh\u00f6ver jag packa f\u00f6r en resa upp norr?   <\/summary>\n  <p>\n    Vintrarna i svenska Lapland kan bli mycket kalla med temperaturer ner till -30\u00b0C. D\u00e4rf\u00f6r \u00e4r l\u00e4mpliga kl\u00e4der absolut n\u00f6dv\u00e4ndigt. F\u00f6r din vistelse hos oss kommer du att utrustas med en termosoverall, st\u00f6vlar, handskar, hj\u00e4lm och skyddsglas\u00f6gon. Ut\u00f6ver denna utrustning f\u00f6resl\u00e5r vi att du tar med dig f\u00f6ljande n\u00f6dv\u00e4ndigheter:    <br><br>&#8211; Mysiga och andningsbara skidunderkl\u00e4der<br>&#8211; M\u00f6ssa, halsduk, dina egna handskar, samt stadiga och varma vinterskor<br>&#8211; Solglas\u00f6gon och solkr\u00e4m f\u00f6r ansiktet. <br>&#8211; Reservglas\u00f6gon f\u00f6r glas\u00f6gon- och kontaktlinsb\u00e4rare<br>&#8211; N\u00f6dv\u00e4ndiga mediciner<br>&#8211; L\u00e4ppbalsam och feta kr\u00e4mer f\u00f6r ansikte och h\u00e4nder (undvik generellt fuktkr\u00e4mer baserade p\u00e5 vatten i ansiktet eftersom temperaturen \u00e4r extremt l\u00e5g)<br>&#8211; Badkl\u00e4der<br><br>Vi rekommenderar ocks\u00e5 en skiktningsprincip f\u00f6r kl\u00e4dsel. Varje lager fyller en viss funktion. Fr\u00e5ga g\u00e4rna v\u00e5rt team om du vill ha en mer detaljerad packlista.     <\/p>\n  \n  <\/details>\n    \n  <details>\n  <summary>\n    Beh\u00f6ver jag v\u00e4xla pengar i f\u00f6rv\u00e4g?  <\/summary>\n  <p>\n    Den lokala valutan i Sverige \u00e4r svenska kronor (SEK). Hotellet d\u00e4r du bor \u00e4r ett kontantfritt hotell, vilket inneb\u00e4r att du endast kan betala med ditt EC-, betal- eller kreditkort. Du kan ocks\u00e5 betala med kort i alla andra butiker i staden.   <\/p>\n  \n  <\/details>\n    \n  <details>\n  <summary>\n    Var exakt \u00e4ger aktiviteterna rum?  <\/summary>\n  <p>\n    Vi erbjuder v\u00e5ra egna aktiviteter och samarbetar med olika professionella lokala leverant\u00f6rer f\u00f6r att kunna erbjuda ett bredare utbud av aktiviteter. Hotellet ligger i Arvidsjaur och alla aktiviteter startar i n\u00e4rheten, bara cirka 100 km s\u00f6der om polcirkeln.  <br><br>Visa l\u00e4get p\u00e5 <a href=\"https:\/\/maps.app.goo.gl\/HA4m7nyWrvrqvpT69\" data-type=\"link\" data-id=\"https:\/\/maps.app.goo.gl\/HA4m7nyWrvrqvpT69\" target=\"_blank\" rel=\"noreferrer noopener\">Google Maps<\/a>  <\/p>\n  \n  <\/details>\n    \n  <details>\n  <summary>\n    K\u00f6r jag min egen sn\u00f6skoter eller \u00e4r jag passagerare?   <\/summary>\n  <p>\n    De flesta av v\u00e5ra sn\u00f6skotrar \u00e4r ensitsiga, s\u00e5 du kommer att kunna k\u00f6ra din egen sn\u00f6skoter. Om du vill f\u00f6lja med p\u00e5 en tur som passagerare \u00e4r det naturligtvis ocks\u00e5 m\u00f6jligt med v\u00e5ra tv\u00e5sitsiga sn\u00f6skotrar. L\u00e5t oss bara veta vad du f\u00f6redrar.     <\/p>\n  \n  <\/details>\n    \n  <details>\n  <summary>\n    Kan jag \u00e5ka p\u00e5 en tur med en egen hundsl\u00e4de eller sitter jag p\u00e5 en sl\u00e4de som passagerare?  <\/summary>\n  <p>\n    B\u00e5da alternativ \u00e4r m\u00f6jliga, beroende p\u00e5 vilken tur du v\u00e4ljer och bokar med oss. F\u00f6r mer information v\u00e4nligen kontakta oss direkt.   <\/p>\n  \n  <\/details>\n    \n  <details>\n  <summary>\n    \u00c4r det inte m\u00f6rkt dygnet runt?  <\/summary>\n  <p>\n    Tiderna f\u00f6r soluppg\u00e5ng och solnedg\u00e5ng \u00e4ndras mycket snabbt (det \u00e4r cirka 8 minuters skillnad i dagsljus varje dag) och skymningen k\u00e4nns l\u00e4ngre \u00e4n t.ex. i Tyskland. <a href=\"https:\/\/www.timeanddate.com\/sun\/@8132787\" target=\"_blank\" rel=\"noreferrer noopener\">H\u00e4r <\/a>kan du kolla in de exakta tiderna.  <\/p>\n  \n  <\/details>\n    \n  <details>\n  <summary>\n    Kan jag se norrsken?  <\/summary>\n  <p>\n    Norrsken, \u00e4ven k\u00e4nt som Aurora Borealis, \u00e4r en naturlig h\u00e4ndelse, precis som en molnig himmel, sol eller sn\u00f6 och kan d\u00e4rf\u00f6r inte garanteras. Men teoretiskt sett \u00e4r det m\u00f6jligt att se dem n\u00e4r det \u00e4r en klar natthimmel. Vi rekommenderar alltid att du kontrollerar KP-index, ett v\u00e4rde som m\u00e4ter geomagnetiska st\u00f6rningar orsakade av solaktivitet. Ju h\u00f6gre index, desto st\u00f6rre \u00e4r chansen att f\u00e5 se norrsken. I Arvidsjaur \u00e4r det m\u00f6jligt att se norrsken b\u00e4st med ett KP p\u00e5 minst 3 (skalan g\u00e5r fr\u00e5n 0 till 9).       <\/p>\n  \n  <\/details>\n    \n<\/section><\/div>\n\n<div class=\"lazyblock-contact-form-2srKBC wp-block-lazyblock-contact-form\"><section class=\"contact-form content-wrapper-boxed\">\n  \n  <div class=\"contact-form-content\">\n\n    <h2 class=\"content-headline\">V\u00e5rt serviceformul\u00e4r<\/h2>\n    <h3 class=\"content-subheadline\">Har du n\u00e5gra fr\u00e5gor som inte finns med i v\u00e5r FAQ? Anv\u00e4nd d\u00e5 g\u00e4rna v\u00e5rt serviceformul\u00e4r s\u00e5 svarar vi p\u00e5 dina fr\u00e5gor s\u00e5 snart som m\u00f6jligt.  <\/h3>\n    <p class=\"content-text\">\n          <\/p>\n    \n    \n<div class=\"wpcf7 no-js\" id=\"wpcf7-f2252-o1\" lang=\"sv-SE\" dir=\"ltr\" data-wpcf7-id=\"2252\">\n<div class=\"screen-reader-response\"><p role=\"status\" aria-live=\"polite\" aria-atomic=\"true\"><\/p> <ul><\/ul><\/div>\n<form action=\"\/sv\/wp-json\/wp\/v2\/pages\/2236#wpcf7-f2252-o1\" method=\"post\" class=\"wpcf7-form init\" aria-label=\"Kontaktformul\u00e4r\" novalidate=\"novalidate\" data-status=\"init\">\n<fieldset class=\"hidden-fields-container\"><input type=\"hidden\" name=\"_wpcf7\" value=\"2252\" \/><input type=\"hidden\" name=\"_wpcf7_version\" value=\"6.1.5\" \/><input type=\"hidden\" name=\"_wpcf7_locale\" value=\"sv_SE\" \/><input type=\"hidden\" name=\"_wpcf7_unit_tag\" value=\"wpcf7-f2252-o1\" \/><input type=\"hidden\" name=\"_wpcf7_container_post\" value=\"0\" \/><input type=\"hidden\" name=\"_wpcf7_posted_data_hash\" value=\"\" \/>\n<\/fieldset>\n<p><label> Namn <span class=\"wpcf7-form-control-wrap\" data-name=\"your-name\"><input size=\"40\" maxlength=\"400\" class=\"wpcf7-form-control wpcf7-text wpcf7-validates-as-required\" autocomplete=\"name\" aria-required=\"true\" aria-invalid=\"false\" value=\"\" type=\"text\" name=\"your-name\" \/><\/span> <\/label>\n<\/p>\n<p><label> E-postadress <span class=\"wpcf7-form-control-wrap\" data-name=\"your-email\"><input size=\"40\" maxlength=\"400\" class=\"wpcf7-form-control wpcf7-email wpcf7-validates-as-required wpcf7-text wpcf7-validates-as-email\" autocomplete=\"email\" aria-required=\"true\" aria-invalid=\"false\" value=\"\" type=\"email\" name=\"your-email\" \/><\/span> <\/label>\n<\/p>\n<p><label> Meddelande <span class=\"wpcf7-form-control-wrap\" data-name=\"your-message\"><textarea cols=\"40\" rows=\"10\" maxlength=\"2000\" class=\"wpcf7-form-control wpcf7-textarea\" aria-invalid=\"false\" name=\"your-message\"><\/textarea><\/span> <\/label>\n<\/p>\n<p><span class=\"wpcf7-form-control-wrap\" data-name=\"checkbox-78\"><span class=\"wpcf7-form-control wpcf7-checkbox wpcf7-validates-as-required\"><span class=\"wpcf7-list-item first last\"><label><input type=\"checkbox\" name=\"checkbox-78[]\" value=\"Jag har l\u00e4st integritetspolicyn och godk\u00e4nner den.\" \/><span class=\"wpcf7-list-item-label\">Jag har l\u00e4st integritetspolicyn och godk\u00e4nner den.<\/span><\/label><\/span><\/span><\/span>\n<\/p>\n<p><input class=\"wpcf7-form-control wpcf7-submit has-spinner\" type=\"submit\" value=\"Skicka\" \/>\n<\/p><div class=\"wpcf7-response-output\" aria-hidden=\"true\"><\/div>\n<\/form>\n<\/div>\n\n  <\/div>\n<\/section>\n\n<\/div>\n\n<\/div><\/div><div class=\"lazyblock-contact-floater-Z1zVD8y wp-block-lazyblock-contact-floater\"><div class=\"contact-floater\">\n  <a href=\"\/contact-us#first-section\">\n    <svg width=\"40\" height=\"40\" viewBox=\"0 0 40 40\" fill=\"none\" xmlns=\"http:\/\/www.w3.org\/2000\/svg\">\n<path d=\"M6.11125 33.3332C5.36125 33.3332 4.71069 33.0578 4.15958 32.5069C3.60875 31.9558 3.33333 31.3053 3.33333 30.5553V9.44442C3.33333 8.69442 3.60875 8.04387 4.15958 7.49275C4.71069 6.94192 5.36125 6.6665 6.11125 6.6665H33.8888C34.6388 6.6665 35.2893 6.94192 35.8404 7.49275C36.3912 8.04387 36.6667 8.69442 36.6667 9.44442V30.5553C36.6667 31.3053 36.3912 31.9558 35.8404 32.5069C35.2893 33.0578 34.6388 33.3332 33.8888 33.3332H6.11125ZM20 21.0553L6.11125 12.0832V30.5553H33.8888V12.0832L20 21.0553ZM20 18.2778L33.7779 9.44442H6.25L20 18.2778ZM6.11125 12.0832V9.44442V30.5553V12.0832Z\" \/>\n<\/svg>\n    <\/a>\n<\/div><\/div>","protected":false},"excerpt":{"rendered":"","protected":false},"author":1,"featured_media":0,"parent":0,"menu_order":0,"comment_status":"closed","ping_status":"closed","template":"generic.php","meta":{"footnotes":""},"class_list":["post-2236","page","type-page","status-publish","hentry"],"aioseo_notices":[],"_links":{"self":[{"href":"https:\/\/alpha-one.com\/sv\/wp-json\/wp\/v2\/pages\/2236","targetHints":{"allow":["GET"]}}],"collection":[{"href":"https:\/\/alpha-one.com\/sv\/wp-json\/wp\/v2\/pages"}],"about":[{"href":"https:\/\/alpha-one.com\/sv\/wp-json\/wp\/v2\/types\/page"}],"author":[{"embeddable":true,"href":"https:\/\/alpha-one.com\/sv\/wp-json\/wp\/v2\/users\/1"}],"replies":[{"embeddable":true,"href":"https:\/\/alpha-one.com\/sv\/wp-json\/wp\/v2\/comments?post=2236"}],"version-history":[{"count":3,"href":"https:\/\/alpha-one.com\/sv\/wp-json\/wp\/v2\/pages\/2236\/revisions"}],"predecessor-version":[{"id":2449,"href":"https:\/\/alpha-one.com\/sv\/wp-json\/wp\/v2\/pages\/2236\/revisions\/2449"}],"wp:attachment":[{"href":"https:\/\/alpha-one.com\/sv\/wp-json\/wp\/v2\/media?parent=2236"}],"curies":[{"name":"wp","href":"https:\/\/api.w.org\/{rel}","templated":true}]}}